{"id":17,"date":"2017-12-09T02:10:56","date_gmt":"2017-12-09T04:10:56","guid":{"rendered":"http:\/\/sigmatech.com.br\/?page_id=17"},"modified":"2025-01-25T16:04:38","modified_gmt":"2025-01-25T19:04:38","slug":"sobre","status":"publish","type":"page","link":"https:\/\/sigmatech.com.br\/en_us\/sobre\/","title":{"rendered":"The Business"},"content":{"rendered":"<div  data-label=\"Quem Somos\" data-id=\"about--1\" data-export-id=\"about-text-image\" data-category=\"about\" class=\"about-text-image content-section content-section-spacing\" id=\"quem-somos\" style=\"background-color: rgb(255, 255, 255); background-image: none;\" data-section-ov=\"1\"><div  class=\"gridContainer\"> <div  class=\"row\"><div  class=\"col-sm-6 col-padding-small-xs col-sm-padding-large bg-color5 white-text content-col\" data-type=\"column\"> <h2  class=\"\">Quem somos?<\/h2> <p  class=\"\" style=\"text-align: justify;\">Somos uma empresa de tecnologia criada em 2014 no Recife para atender a demanda em TI de pequenas e m\u00e9dias empresas. Nosso foco \u00e9 levar mais facilidade e performance para nossos clientes. Ainda incentivamos a transforma\u00e7\u00e3o digital que precisam para continuarem sendo competitivos no mercado.<\/p><\/div> <div  class=\"col-sm-6 flexbox-strech center-xs middle-xs no-gutter-col\"><div  class=\"shadow-large overlap-left-large flexbox middle-xs center-xs right-img\" data-bg=\"image\" style=\"background-image: url(&quot;https:\/\/sigmatech.com.br\/wp-content\/uploads\/2017\/12\/fotos-da-cidade-de-recife-18.jpg&quot;);\"><\/div><\/div> <\/div><\/div> <\/div><div  data-label=\"3 motivos\" data-id=\"overlappable--1\" data-export-id=\"overlappable-4\" data-category=\"overlappable\" class=\"overlappable-4 content-section content-section-spacing\" data-overlap=\"true\" id=\"3-motivos\" style=\"background-color: rgb(255, 255, 255);\"><div  class=\"gridContainer\"> <div  data-type=\"row\" class=\"row spaced-cols text-center\"><div  class=\"col-xs-12 col-sm-4 col-padding\"> <i  class=\"fa icon shadow-large-black aligncenter fa-calendar reverse round large color1\"><\/i> <div  data-type=\"column\" class=\"\"> <h5  class=\"\">OPERAMOS DESDE 2014<\/h5> <p  class=\"\">Desde 2014 oferecemos um servi\u00e7o de ponta e humanizado.<\/p><\/div> <\/div> <div  class=\"col-xs-12 col-sm-4 col-padding\"> <i  class=\"fa icon fa-cogs large shadow-large-black round aligncenter reverse color1\"><\/i> <div  data-type=\"column\" class=\"\"><h5  class=\"\">SUPORTE PREMIADO<\/h5> <p  class=\"\">Temos um suporte reconhecido por nossos clientes. Tenha uma experi\u00eancia totalmente nova.<\/p><\/div> <\/div> <div  class=\"col-xs-12 col-sm-4 col-padding\"> <i  class=\"fa icon fa-magic large shadow-large-black round aligncenter reverse color1\"><\/i> <div  data-type=\"column\" class=\"\"><h5  class=\"\">TI COMO M\u00c1GICA<\/h5> <p  class=\"\">J\u00e1 imaginou seus problemas de TI resolvidos? Ent\u00e3o, fazemos isso como m\u00e1gica para sua empresa.<\/p><\/div> <\/div><\/div> <\/div><\/div><div  data-label=\"Porque escolher a sigmatech\" data-id=\"features--1\" data-export-id=\"features-12\" data-category=\"features\" class=\"features-12 content-section content-section-spacing\" id=\"porque-escolher-a-sigmatech\" style=\"background-color: rgb(245, 250, 253);\"><div  class=\"gridContainer\"> <div  class=\"row text-center\"><div  class=\"section-title-col\" data-type=\"column\"> <h2  class=\"\">Por que escolher a SigmaTech?<\/h2> <p  class=\"lead\">Oferecemos um departamento de TI completo para seu neg\u00f3cio, n\u00e3o estamos apenas para apagar o fogo, mas lhe entregar um servi\u00e7o completo com seguran\u00e7a e preven\u00e7\u00e3o. Ajudaremos a cuidar da sua empresa.<\/p><\/div> <\/div> <div  class=\"row spaced-cols\" data-type=\"row\"> <div  class=\"col-sm-6\"> <div  class=\"row space-bottom\"> <div  class=\"col-sm-fit icon-column\"> <i  class=\"fa icon fa-newspaper-o bordered round color2\"><\/i> <\/div> <div  class=\"col-sm\" data-type=\"column\"> <h5  class=\"color2\">ACOMPANHAMOS DE PERTO<\/h5> <p  class=\"\" style=\"text-align: justify;\">conseguimos sanar os incidentes e realizar trabalhos preventivos, diminuindo assim que equipamentos e pessoas do seu neg\u00f3cio fiquem parados por problemas t\u00e9cnicos.<\/p><\/div> <\/div><\/div> <div  class=\"col-sm-6\"><div  class=\"row space-bottom\"> <div  class=\"col-sm-fit icon-column\"><i  class=\"fa icon fa-balance-scale bordered round color2\"><\/i><\/div> <div  class=\"col-sm\" data-type=\"column\"><h5  class=\"color2\">REDUZIMOS CUSTOS<\/h5> <p  class=\"\" style=\"text-align: justify;\">Tercerizar o departamento de TI \u00e9 mais econ\u00f4mico e produtivo. Esque\u00e7a problemas trabalhistas e baixa performance de recursos humanos, gerenciamos isso.<\/p><\/div> <\/div><\/div> <div  class=\"col-sm-6\"><div  class=\"row space-bottom\"> <div  class=\"col-sm-fit icon-column\"><i  class=\"fa icon fa-handshake-o bordered round color2\"><\/i><\/div> <div  class=\"col-sm\" data-type=\"column\"><h5  class=\"color2\">CONFI\u00c1VEIS<\/h5> <p  class=\"\">Levamos total transpar\u00eancia e ganhamos confian\u00e7a a cada servi\u00e7o. \u00c9 o que nossos clientes dizem!<\/p><\/div> <\/div><\/div> <div  class=\"col-sm-6\"><div  class=\"row space-bottom\"> <div  class=\"col-sm-fit icon-column\"><i  class=\"fa icon fa-lock bordered round color2\"><\/i><\/div> <div  class=\"col-sm\" data-type=\"column\"><h5  class=\"color2\">SEGUROS<\/h5> <p  class=\"\">Seu servi\u00e7o \u00e9 executado por profissionais capacitados e selecionados com a maior rigorosidade.<\/p><\/div> <\/div><\/div> <\/div><\/div> <\/div><div  data-label=\"Alguns numeros\" data-id=\"counters--1\" data-export-id=\"counters-2\" data-category=\"counters\" class=\"counters-2 content-section content-section-spacing\" id=\"alguns-numeros\" style=\"background-color: rgb(255, 255, 255);\"><div  class=\"gridContainer\"> <div  class=\"row text-center\"><div  class=\"section-title-col\" data-type=\"column\"> <h2  class=\"\">Alguns n\u00fameros\u2026<\/h2> <p  class=\"lead\">em mais de 5 anos de experi\u00eancia:<\/p><\/div> <\/div> <div  class=\"row\" data-type=\"row\"> <div  class=\"col-xs-12 col-sm-4 text-center space-bottom\"> <i  class=\"fa icon fa-support color1\"><\/i> <h3  class=\"font-400\" data-min=\"30000\" data-max=\"37475\" data-duration=\"2000\" data-prefix=\"+\" data-suffix=\"\" data-countup=\"true\" style=\"display: inline-block;\"><\/h3> <h5  class=\"upper color2\">TICKETS DE SUPORTE<\/h5><\/div> <div  class=\"col-xs-12 col-sm-4 text-center space-bottom\"><i  class=\"fa icon fa-building color1\"><\/i> <h3  class=\"font-400\" data-min=\"350\" data-max=\"412\" data-duration=\"2000\" data-prefix=\"+\" data-suffix=\"\" data-countup=\"true\" style=\"display: inline-block;\"><\/h3> <h5  class=\"upper color2\">CLIENTES NO BRASIL<\/h5><\/div> <div  class=\"col-xs-12 col-sm-4 text-center space-bottom\"><i  class=\"fa fa-trophy icon color1\"><\/i> <h3  class=\"font-400\" data-min=\"0\" data-max=\"98\" data-duration=\"2000\" data-prefix=\"\" data-suffix=\"%\" data-countup=\"true\" style=\"display: inline-block;\"><\/h3> <h5  class=\"upper color2\">SATISFA\u00c7\u00c3O DO CLIENTE<\/h5><\/div> <\/div><\/div> <\/div><div  data-label=\"Solicite uma proposta\" data-id=\"cta--1\" data-export-id=\"cta-blue-section\" data-category=\"cta\" class=\"cta-blue-section content-section content-section-spacing-medium bg-color1 white-text\" id=\"solicite-uma-proposta\"><div  class=\"gridContainer\"> <div  class=\"row middle-xs\"><div  class=\"col-sm-8 space-bottom-xs\" data-type=\"column\"> <h2  class=\"\">Solicite um contato! <span  class=\"font-300\">Queremos te conhecer.<\/span><\/h2> <\/div> <div  class=\"col-sm-4 end-sm\" data-type=\"column\"> <a  class=\"button color2\" href=\"https:\/\/sigmatech.com.br\/solicitar-proposta\" target=\"_self\" data-cp-link=\"1\" data-icon=\"\" rel=\"noopener noreferrer\">SOLICITAR CONTATO<\/a><\/div> <\/div><\/div> <\/div><div  data-label=\"Comparativo\" data-id=\"pricing--1\" data-export-id=\"pricing-3\" data-category=\"pricing\" data-featured-class=\"pricing-featured\" class=\"pricing-3 content-section content-section-spacing content-relative\" id=\"comparativo\" style=\"background-color: rgb(245, 250, 253);\"><div  class=\"gridContainer\"> <div  class=\"row middle-sm\"><div  class=\"col-xs-12 col-sm-4 col-padding-xs\" data-type=\"column\"> <h2  class=\"\">Ainda em d\u00favida?<\/h2> <p  class=\"lead\" style=\"text-align: center;\">Sua empresa poder\u00e1 contar com profissionais de alta qualidade, a valor competitivo, gra\u00e7as a nossa terceiriza\u00e7\u00e3o. Os Professionais SigmaTech s\u00e3o compartilhados reduzindo o custo final para voc\u00ea!<\/p><\/div> <div  class=\"col-xs-12 col-sm-8\"><div  class=\"row middle-sm spaced-cols\" data-type=\"row\"> <div  data-default=\"no-class\" data-featured=\"shadow-large\" class=\"col-xs-12 col-sm-6 card-replacer text-center pos-rel pricing-featured shadow-large\"><div  class=\"top-right-triangle color2\" data-fixed=\"true\"><\/div> <h5  class=\"upper\">SIGMATECH<\/h5> <i  class=\"fa icon round-background fa-check reverse round big color1\"><\/i> <p  data-default=\"color1\" data-featured=\"color2\" class=\"small color2\">oferece<\/p> <ul  class=\"unstyled stared decoration-color1 text-center black\"><li >Suporte Presencial<\/li><li >Suporte Remoto TeamViewer<\/li><li >Chamados Ilimitados<\/li><li >IT Management<\/li><li >T\u00e9cnico Residente<\/li><li >Consultoria<\/li><li >SLA de Atendimento<\/li><li >Suporte Priorit\u00e1rio e de Emerg\u00eancia<\/li><\/ul> <a  data-default=\"color1\" data-featured=\"color2\" class=\"button upper y-move color2\" href=\"https:\/\/sigmatech.com.br\/solicitar-proposta\" target=\"_self\" data-cp-link=\"1\" data-icon=\"\" rel=\"noopener noreferrer\">Proposal Request<\/a><\/div> <div  data-default=\"no-class\" data-featured=\"shadow-large\" class=\"col-xs-12 col-sm-6 card-replacer text-center pos-rel\"><div  class=\"top-right-triangle color2\" data-fixed=\"true\"><\/div> <h5  class=\"upper\">OUTROS<\/h5> <i  class=\"fa icon round-background fa-close reverse round big color2\"><\/i> <p  data-default=\"color1\" data-featured=\"color2\" class=\"small color1\">oferecem<\/p> <ul  class=\"unstyled stared decoration-color1 text-center black\"><li >Suporte Presencial<\/li><li >Suporte Remoto<\/li><li >Chamados Limitados<\/li><li >Atendimento Seg \u2013 Sex<\/li><\/ul> <\/div> <\/div><\/div> <\/div><\/div> <\/div><div  data-label=\"Conheca Nosso Servicos\" data-id=\"cta--3\" data-export-id=\"cta-centered-bg-section\" data-category=\"cta\" data-section-ov=\"1\" class=\"cta-centered-bg-section content-section content-section-spacing-medium white-text\" data-parallax-depth=\"20\" id=\"conheca-nosso-servicos\" style=\"background-color: rgb(255, 255, 255); background-image: url(&quot;https:\/\/sigmatech.com.br\/wp-content\/uploads\/2019\/04\/suporte-para-servidores.jpg&quot;); background-size: cover; background-position: center top;\"><div  class=\"gridContainer\"> <div  class=\"row text-center\"><div  data-type=\"column\" class=\"\"> <h2  class=\"\">Conhe\u00e7a nossos Servi\u00e7os! <span  class=\"font-300\">Solu\u00e7\u00f5es de TI para sua Empresa!<\/span><\/h2> <a  class=\"button color2\" href=\"https:\/\/sigmatech.com.br\" target=\"_self\" data-cp-link=\"1\" data-icon=\"\" rel=\"noopener noreferrer\">VER TODOS OS SERVI\u00c7OS<\/a><\/div> <\/div><\/div> <\/div><div  data-label=\"Solicite uma proposta\" data-id=\"cta--2\" data-export-id=\"cta-centered-section-grid\" data-category=\"cta\" class=\"cta-centered-section-grid content-section content-section-spacing-medium bg-color1 white-text\" id=\"solicite-uma-proposta-1\"><div  class=\"gridContainer\"> <div  class=\"row text-center\"><div  class=\"col-xs-12 col-sm-10 col-sm-offset-1 col-md-8 col-md-offset-2\" data-type=\"column\"> <h2  class=\"\">Solicite uma proposta! <span  class=\"font-300\">Ir\u00e1 levar apenas um minuto<\/span><\/h2> <p  class=\"\">Tenha um servi\u00e7o de qualidade, reconhecido por nossos clientes. Conhe\u00e7a nossa proposta!<\/p> <a  class=\"button color2\" href=\"https:\/\/sigmatech.com.br\/solicitar-proposta\" target=\"_self\" data-cp-link=\"1\" data-icon=\"\" rel=\"noopener noreferrer\">REQUEST PROPOSAL<\/a><\/div> <\/div><\/div> <\/div>","protected":false},"excerpt":{"rendered":"<p>Quem somos? Somos uma empresa de tecnologia criada em 2014 no Recife para atender a demanda em TI de pequenas e m\u00e9dias empresas. Nosso foco \u00e9 levar mais facilidade e performance para nossos clientes. Ainda incentivamos a transforma\u00e7\u00e3o digital que precisam para continuarem sendo competitivos no mercado. OPERAMOS DESDE 2014 Desde 2014 oferecemos um servi\u00e7o&hellip; <br \/> <a class=\"read-more\" href=\"https:\/\/sigmatech.com.br\/en_us\/sobre\/\">Read more<\/a><\/p>","protected":false},"author":1,"featured_media":261,"parent":0,"menu_order":0,"comment_status":"closed","ping_status":"closed","template":"pro\/page-templates\/full-width-page.php","meta":{"_exactmetrics_skip_tracking":false,"_exactmetrics_sitenote_active":false,"_exactmetrics_sitenote_note":"","_exactmetrics_sitenote_category":0,"footnotes":""},"class_list":["post-17","page","type-page","status-publish","has-post-thumbnail","hentry"],"_links":{"self":[{"href":"https:\/\/sigmatech.com.br\/en_us\/wp-json\/wp\/v2\/pages\/17","targetHints":{"allow":["GET"]}}],"collection":[{"href":"https:\/\/sigmatech.com.br\/en_us\/wp-json\/wp\/v2\/pages"}],"about":[{"href":"https:\/\/sigmatech.com.br\/en_us\/wp-json\/wp\/v2\/types\/page"}],"author":[{"embeddable":true,"href":"https:\/\/sigmatech.com.br\/en_us\/wp-json\/wp\/v2\/users\/1"}],"replies":[{"embeddable":true,"href":"https:\/\/sigmatech.com.br\/en_us\/wp-json\/wp\/v2\/comments?post=17"}],"version-history":[{"count":28,"href":"https:\/\/sigmatech.com.br\/en_us\/wp-json\/wp\/v2\/pages\/17\/revisions"}],"predecessor-version":[{"id":1273,"href":"https:\/\/sigmatech.com.br\/en_us\/wp-json\/wp\/v2\/pages\/17\/revisions\/1273"}],"wp:featuredmedia":[{"embeddable":true,"href":"https:\/\/sigmatech.com.br\/en_us\/wp-json\/wp\/v2\/media\/261"}],"wp:attachment":[{"href":"https:\/\/sigmatech.com.br\/en_us\/wp-json\/wp\/v2\/media?parent=17"}],"curies":[{"name":"wp","href":"https:\/\/api.w.org\/{rel}","templated":true}]}}