{"id":460,"date":"2018-12-08T09:08:53","date_gmt":"2018-12-08T12:08:53","guid":{"rendered":"https:\/\/sigmatech.com.br\/?page_id=460"},"modified":"2020-07-09T21:40:05","modified_gmt":"2020-07-10T00:40:05","slug":"solicitar-proposta","status":"publish","type":"page","link":"https:\/\/sigmatech.com.br\/en_us\/solicitar-proposta\/","title":{"rendered":"Solicitar Proposta de TI"},"content":{"rendered":"<p>Solicite proposta de contrato de inform\u00e1tica para sua empresa. Proposta com especialistas em TI para empresas. Or\u00e7amento em at\u00e9 48 horas ap\u00f3s contato.<\/p>\n\n\n<div class=\"wpforms-container wpforms-container-full\" id=\"wpforms-464\"><form id=\"wpforms-form-464\" class=\"wpforms-validate wpforms-form\" data-formid=\"464\" method=\"post\" enctype=\"multipart\/form-data\" action=\"\/en_us\/wp-json\/wp\/v2\/pages\/460\" data-trp-original-action=\"\/en_us\/wp-json\/wp\/v2\/pages\/460\"><noscript class=\"wpforms-error-noscript\">Please enable JavaScript in your browser to complete this form.<\/noscript><div class=\"wpforms-page-indicator none\" data-indicator=\"none\" data-indicator-color=\"#72b239\" data-scroll=\"1\"><\/div><div class=\"wpforms-field-container\"><div class=\"wpforms-page wpforms-page-1\"><div id=\"wpforms-464-field_10-container\" class=\"wpforms-field wpforms-field-pagebreak\" data-field-id=\"10\"><\/div><div id=\"wpforms-464-field_0-container\" class=\"wpforms-field wpforms-field-name\" data-field-id=\"0\"><label class=\"wpforms-field-label\" for=\"wpforms-464-field_0\">Nome <span class=\"wpforms-required-label\">*<\/span><\/label><input type=\"text\" id=\"wpforms-464-field_0\" class=\"wpforms-field-medium wpforms-field-required\" name=\"wpforms[fields][0]\" placeholder=\"Digite seu nome\" required><\/div><div id=\"wpforms-464-field_1-container\" class=\"wpforms-field wpforms-field-email\" data-field-id=\"1\"><label class=\"wpforms-field-label\" for=\"wpforms-464-field_1\">Email <span class=\"wpforms-required-label\">*<\/span><\/label><input type=\"email\" id=\"wpforms-464-field_1\" class=\"wpforms-field-medium wpforms-field-required\" name=\"wpforms[fields][1]\" placeholder=\"seu-email@empresa.com.br\" required><\/div><div id=\"wpforms-464-field_14-container\" class=\"wpforms-field wpforms-field-phone\" data-field-id=\"14\"><label class=\"wpforms-field-label\" for=\"wpforms-464-field_14\">Telefone<\/label><input type=\"tel\" id=\"wpforms-464-field_14\" class=\"wpforms-field-medium wpforms-smart-phone-field\" data-rule-smart-phone-field=\"true\" name=\"wpforms[fields][14]\" ><\/div><div id=\"wpforms-464-field_9-container\" class=\"wpforms-field wpforms-field-pagebreak\" data-field-id=\"9\"><div class=\"wpforms-clear wpforms-pagebreak-left\"><button class=\"wpforms-page-button wpforms-page-next\" data-action=\"next\" data-page=\"1\" data-formid=\"464\">Pr\u00f3ximo<\/button><\/div><\/div><\/div><div class=\"wpforms-page wpforms-page-2 last\" style=\"display:none;\"><div id=\"wpforms-464-field_5-container\" class=\"wpforms-field wpforms-field-checkbox\" data-field-id=\"5\"><label class=\"wpforms-field-label\" for=\"wpforms-464-field_5\">Quais servi\u00e7os voc\u00ea tem interesse contratar? <span class=\"wpforms-required-label\">*<\/span><\/label><ul id=\"wpforms-464-field_5\" class=\"wpforms-field-required\"><li class=\"choice-1 depth-1\"><input type=\"checkbox\" id=\"wpforms-464-field_5_1\" name=\"wpforms[fields][5][]\" value=\"Suporte de TI\" required><label class=\"wpforms-field-label-inline\" for=\"wpforms-464-field_5_1\">IT Support<\/label><\/li><li class=\"choice-2 depth-1\"><input type=\"checkbox\" id=\"wpforms-464-field_5_2\" name=\"wpforms[fields][5][]\" value=\"Consultoria \" required><label class=\"wpforms-field-label-inline\" for=\"wpforms-464-field_5_2\">Consultoria <\/label><\/li><li class=\"choice-3 depth-1\"><input type=\"checkbox\" id=\"wpforms-464-field_5_3\" name=\"wpforms[fields][5][]\" value=\"Monitoramento de Rede\" required><label class=\"wpforms-field-label-inline\" for=\"wpforms-464-field_5_3\">Monitoramento de Rede<\/label><\/li><li class=\"choice-5 depth-1\"><input type=\"checkbox\" id=\"wpforms-464-field_5_5\" name=\"wpforms[fields][5][]\" value=\"Gerenciamento de Cloud\" required><label class=\"wpforms-field-label-inline\" for=\"wpforms-464-field_5_5\">Cloud Management<\/label><\/li><li class=\"choice-6 depth-1\"><input type=\"checkbox\" id=\"wpforms-464-field_5_6\" name=\"wpforms[fields][5][]\" value=\"Telefonia IP\" required><label class=\"wpforms-field-label-inline\" for=\"wpforms-464-field_5_6\">IP Phone System<\/label><\/li><li class=\"choice-7 depth-1\"><input type=\"checkbox\" id=\"wpforms-464-field_5_7\" name=\"wpforms[fields][5][]\" value=\"Departamento Completo de TI\" required><label class=\"wpforms-field-label-inline\" for=\"wpforms-464-field_5_7\">Departamento Completo de TI<\/label><\/li><li class=\"choice-4 depth-1\"><input type=\"checkbox\" id=\"wpforms-464-field_5_4\" name=\"wpforms[fields][5][]\" value=\"Outros\" required><label class=\"wpforms-field-label-inline\" for=\"wpforms-464-field_5_4\">Outros<\/label><\/li><\/ul><div class=\"wpforms-field-description\">Escolha um ou mais servi\u00e7os.<\/div><\/div><div id=\"wpforms-464-field_7-container\" class=\"wpforms-field wpforms-field-select wpforms-field-select-style-classic\" data-field-id=\"7\"><label class=\"wpforms-field-label\" for=\"wpforms-464-field_7\">Tamanho da empresa <span class=\"wpforms-required-label\">*<\/span><\/label><select id=\"wpforms-464-field_7\" class=\"wpforms-field-medium wpforms-field-required\" name=\"wpforms[fields][7]\" required=\"required\"><option value=\"De 1-10 colaboradores\" >De 1-10 colaboradores<\/option><option value=\"De 11-50 colaboradores\" >De 11-50 colaboradores<\/option><option value=\"De 50-100 colaboradores\" >De 50-100 colaboradores<\/option><option value=\"+100 de colaboradores\" >+100 de colaboradores<\/option><\/select><\/div><div id=\"wpforms-464-field_11-container\" class=\"wpforms-field wpforms-field-pagebreak\" data-field-id=\"11\"><div class=\"wpforms-clear wpforms-pagebreak-left\"><\/div><\/div><\/div><\/div><div class=\"wpforms-field wpforms-field-hp\"><label for=\"wpforms-464-field-hp\" class=\"wpforms-field-label\">Comment<\/label><input type=\"text\" name=\"wpforms[hp]\" id=\"wpforms-464-field-hp\" class=\"wpforms-field-medium\"><\/div><div class=\"wpforms-submit-container\" style=\"display:none;\"><input type=\"hidden\" name=\"wpforms[id]\" value=\"464\"><input type=\"hidden\" name=\"wpforms[author]\" value=\"1\"><button type=\"submit\" name=\"wpforms[submit]\" class=\"wpforms-submit button big color1 round\" id=\"wpforms-submit-464\" value=\"wpforms-submit\" aria-live=\"assertive\" data-alt-text=\"Solicitando...\" data-submit-text=\"Solicitar Proposta\">Proposal Request<\/button><\/div><input type=\"hidden\" name=\"trp-form-language\" value=\"en_us\"\/><\/form><\/div>  <!-- .wpforms-container -->","protected":false},"excerpt":{"rendered":"<p>Solicite proposta de contrato de inform\u00e1tica para sua empresa. Proposta com especialistas em TI para empresas. Or\u00e7amento em at\u00e9 48 horas ap\u00f3s contato.<\/p>","protected":false},"author":1,"featured_media":586,"parent":0,"menu_order":0,"comment_status":"closed","ping_status":"closed","template":"","meta":{"_exactmetrics_skip_tracking":false,"_exactmetrics_sitenote_active":false,"_exactmetrics_sitenote_note":"","_exactmetrics_sitenote_category":0,"footnotes":""},"class_list":["post-460","page","type-page","status-publish","has-post-thumbnail","hentry"],"_links":{"self":[{"href":"https:\/\/sigmatech.com.br\/en_us\/wp-json\/wp\/v2\/pages\/460","targetHints":{"allow":["GET"]}}],"collection":[{"href":"https:\/\/sigmatech.com.br\/en_us\/wp-json\/wp\/v2\/pages"}],"about":[{"href":"https:\/\/sigmatech.com.br\/en_us\/wp-json\/wp\/v2\/types\/page"}],"author":[{"embeddable":true,"href":"https:\/\/sigmatech.com.br\/en_us\/wp-json\/wp\/v2\/users\/1"}],"replies":[{"embeddable":true,"href":"https:\/\/sigmatech.com.br\/en_us\/wp-json\/wp\/v2\/comments?post=460"}],"version-history":[{"count":24,"href":"https:\/\/sigmatech.com.br\/en_us\/wp-json\/wp\/v2\/pages\/460\/revisions"}],"predecessor-version":[{"id":1132,"href":"https:\/\/sigmatech.com.br\/en_us\/wp-json\/wp\/v2\/pages\/460\/revisions\/1132"}],"wp:featuredmedia":[{"embeddable":true,"href":"https:\/\/sigmatech.com.br\/en_us\/wp-json\/wp\/v2\/media\/586"}],"wp:attachment":[{"href":"https:\/\/sigmatech.com.br\/en_us\/wp-json\/wp\/v2\/media?parent=460"}],"curies":[{"name":"wp","href":"https:\/\/api.w.org\/{rel}","templated":true}]}}