{"id":471,"date":"2018-12-08T09:09:40","date_gmt":"2018-12-08T12:09:40","guid":{"rendered":"https:\/\/sigmatech.com.br\/?page_id=471"},"modified":"2021-10-13T16:46:08","modified_gmt":"2021-10-13T19:46:08","slug":"servicos-de-ti-para-empresas","status":"publish","type":"page","link":"https:\/\/sigmatech.com.br\/en_us\/servicos-de-ti-para-empresas\/","title":{"rendered":"Servi\u00e7os de TI Especializados"},"content":{"rendered":"<div  data-label=\"Os melhores para voce\" data-id=\"content--1\" data-export-id=\"content-13\" data-category=\"content\" class=\"content-13 content-section content-section-spacing\" id=\"os-melhores-para-voce\" style=\"background-color: rgb(245, 250, 253);\"><div  class=\"gridContainer\"> <div  class=\"row text-center\"><div  class=\"section-title-col\" data-type=\"column\"> <h2  class=\"\">Os Melhores para Voc\u00ea<\/h2> <p  class=\"lead\">Nossos servi\u00e7os, s\u00e3o especializados para empresas, mas quem realmente se beneficia com eles \u00e9 voc\u00ea! Tenha tranquilidade e um departamento de TI cuidando do seu neg\u00f3cio.<\/p><\/div> <\/div> <div  class=\"row center-xs middle-xs\"> <div  class=\"col-xs col-sm-8 space-bottom image-group-bottom-3\"> <img decoding=\"async\"  class=\"left-img shadow-large-black\" src=\"https:\/\/sigmatech.com.br\/wp-content\/uploads\/2020\/06\/cropped-thomas-jensen-UrtxBX5i5SE-unsplash-min-1.jpg\" alt=\"\" title=\"cropped-thomas-jensen-UrtxBX5i5SE-unsplash-min-1.jpg\"> <img decoding=\"async\"  class=\"center-img shadow-large-black\" src=\"https:\/\/sigmatech.com.br\/wp-content\/uploads\/2018\/12\/cropped-Imagem26-1.jpg\" alt=\"\" title=\"cropped-Imagem26-1.jpg\"> <img decoding=\"async\"  class=\"right-img shadow-large-black\" src=\"https:\/\/sigmatech.com.br\/wp-content\/uploads\/2019\/08\/cropped-pabx-e-pabx-ip-entenda-as-diferencas-3.jpg\" alt=\"\" title=\"cropped-pabx-e-pabx-ip-entenda-as-diferencas-3.jpg\"><\/div> <\/div><\/div> <\/div><div  data-label=\"Nossas Especialidades\" data-id=\"portfolio--1\" data-export-id=\"portfolio-6\" data-category=\"portfolio\" class=\"portfolio-6 content-section content-section-spacing content-relative\" id=\"nossas-especialidades\" style=\"background-color: rgb(0, 51, 102); background-image: none;\"><div  class=\"gridContainer\"> <div  class=\"row space-bottom spaced-cols\" data-type=\"row\"> <div  class=\"col-xs-12 col-sm-4 text-center\"> <div  class=\"card no-padding\"> <div  data-hover-fx=\"portfolio-5\" class=\"contentswap-effect\"> <div  class=\"initial-image\"> <img decoding=\"async\"  data-size=\"500x333\" src=\"https:\/\/sigmatech.com.br\/wp-content\/uploads\/2019\/04\/cropped-Image-2-2.jpg\"><\/div> <div  class=\"overlay bg-color12\"><\/div> <div  class=\"swap-inner col-xs-12\"> <div  class=\"row full-height-row middle-xs middle-sm\"> <div  class=\"col-xs-12 text-center content-holder\"> <a href=\"#\" target=\"_self\" rel=\"noopener noreferrer\"><i  class=\"fa icon portfolio-icon fa-search big color8\" aria-hidden=\"true\"><\/i><\/a><\/div> <\/div><\/div> <\/div> <div  class=\"space-bottom space-top col-xs-12\" data-type=\"column\"> <h4  class=\"\">IT Support<\/h4> <p  class=\"small italic\">Suporte T\u00e9cnico do B\u00e1sico ao Avan\u00e7ado, com equipe especializada e confi\u00e1vel. Acesso Remoto e&nbsp; Assist\u00eancia Presencial.<\/p><\/div> <\/div><\/div> <div  class=\"col-xs-12 col-sm-4 text-center\"><div  class=\"card no-padding\"> <div  data-hover-fx=\"portfolio-5\" class=\"contentswap-effect\"><div  class=\"initial-image\"> <img decoding=\"async\"  data-size=\"500x333\" src=\"https:\/\/sigmatech.com.br\/wp-content\/uploads\/2019\/08\/cropped-pabx-e-pabx-ip-entenda-as-diferencas-1-2.jpg\"><\/div> <div  class=\"overlay bg-color2\"><\/div> <div  class=\"swap-inner col-xs-12\"> <div  class=\"row full-height-row middle-xs middle-sm\"> <div  class=\"col-xs-12 text-center content-holder\"> <a href=\"https:\/\/sigmatech.com.br\/pt_br\/telefonia-sigma-digital-ip\" target=\"_self\" rel=\"noopener noreferrer\"><i  class=\"fa icon portfolio-icon fa-search big color8\" aria-hidden=\"true\"><\/i><\/a><\/div> <\/div><\/div> <\/div> <div  class=\"space-bottom space-top col-xs-12\" data-type=\"column\"> <h4  class=\"\">Telefonia Digital IP<\/h4> <p  class=\"small italic\">Sua telefonia \u00e9 levada para outro n\u00edvel tecnologia digital por IP. Atenda ramais em Home Office e \u00fanico n\u00famero interligando Filiais.<\/p><\/div> <\/div><\/div> <div  class=\"col-xs-12 col-sm-4 text-center\"><div  class=\"card no-padding\"> <div  data-hover-fx=\"portfolio-5\" class=\"contentswap-effect\"><div  class=\"initial-image\"> <img decoding=\"async\"  data-size=\"500x333\" src=\"https:\/\/sigmatech.com.br\/wp-content\/uploads\/2019\/08\/cropped-Image-11-1.jpg\"><\/div> <div  class=\"overlay bg-color6\"><\/div> <div  class=\"swap-inner col-xs-12\"> <div  class=\"row full-height-row middle-xs middle-sm\"> <div  class=\"col-xs-12 text-center content-holder\"> <a href=\"#\" target=\"_self\" rel=\"noopener noreferrer\"><i  class=\"fa icon portfolio-icon fa-search big color8\" aria-hidden=\"true\"><\/i><\/a><\/div> <\/div><\/div> <\/div> <div  class=\"space-bottom space-top col-xs-12\" data-type=\"column\"> <h4  class=\"\">Virtualiza\u00e7\u00e3o e Nuvem<\/h4> <p  class=\"small italic\">Gerenciamos servidores f\u00edsicos e virtuais, locais ou na nuvem.&nbsp;Especialistas em Ambientes Virtuais na configura\u00e7\u00e3o de Alta Disponibilidade.<\/p><\/div> <\/div><\/div> <\/div> <div  class=\"row\"> <div  data-type=\"column\" class=\"col-xs-12 text-center\"><p  class=\"lead\"><span  id=\"_mce_caret\" data-mce-bogus=\"1\" data-mce-type=\"format-caret\"><span  style=\"color: rgb(255, 255, 255);\">Conhe\u00e7a Nossos Planos Empresariais ou fale com o Especialista<\/span><\/span><\/p> <a class=\"button color2\" href=\"https:\/\/sigmatech.com.br\/pt_br\/planos-empresariais\" target=\"_self\" data-cp-link=\"1\" data-icon=\"\" rel=\"noopener noreferrer\">PLANOS EMPRESARIAIS<\/a><a class=\"button color8 outline\" href=\"#\" target=\"_self\" data-cp-link=\"1\" data-icon=\"\" rel=\"noopener noreferrer\">FALAR COM ESPECIALISTA<\/a><\/div> <\/div><\/div> <\/div><div  data-label=\"Nossos Clientes\" data-id=\"clients--1\" data-export-id=\"clients-4\" data-category=\"clients\" class=\"clients-4 content-section content-section-spacing-small\" id=\"nossos-clientes\" style=\"background-size: cover; background-position: center top; background-image: none; background-color: rgb(255, 255, 255);\"><div  class=\"gridContainer\"> <div  class=\"row\"><div  data-type=\"column\" class=\"section-title-col\"> <h2  class=\"font-700\">Alguns de Nossos Clientes<\/h2> <p  class=\"lead\">queremos te v\u00ea aqui conosco tamb\u00e9m! Combinado?<\/p><\/div> <\/div> <div  data-type=\"row\" class=\"row spaced-cols middle-xs center-xs space-bottom padding-lr\"> <div  class=\"col-xs-6 col-sm-2\"> <a  data-cp-link=\"1\" href=\"#\" class=\"\"><img decoding=\"async\"  src=\"https:\/\/sigmatech.com.br\/wp-content\/uploads\/2020\/07\/PETTOP-LOGO.png\" class=\"\" alt=\"\" title=\"PETTOP LOGO\"><\/a><\/div> <div  class=\"col-xs-6 col-sm-2\"> <img decoding=\"async\"  src=\"https:\/\/sigmatech.com.br\/wp-content\/uploads\/2020\/04\/cropped-ULTRA-MATER-LOGO-RECIFE-e1594765135152.jpg\" class=\"\" alt=\"\" title=\"cropped-ULTRA-MATER-LOGO-RECIFE-e1594765135152.jpg\"><\/div> <div  class=\"col-xs-6 col-sm-2\"> <img decoding=\"async\"  src=\"https:\/\/sigmatech.com.br\/wp-content\/uploads\/2020\/04\/cropped-ANGIORAD-LOGO-e1594764862313.jpg\" class=\"\" alt=\"\" title=\"cropped-ANGIORAD-LOGO-e1594764862313.jpg\"><\/div> <div  class=\"col-xs-6 col-sm-2\"> <img decoding=\"async\"  src=\"https:\/\/sigmatech.com.br\/wp-content\/uploads\/2020\/04\/cropped-Hi-LOGISTICS-LG-logo.jpg\" class=\"\" alt=\"\" title=\"cropped-Hi-LOGISTICS-LG-logo.jpg\"><\/div> <div  class=\"col-xs-6 col-sm-2\"> <img decoding=\"async\"  src=\"https:\/\/sigmatech.com.br\/wp-content\/uploads\/2020\/07\/ASTECH-LOGO.png\" class=\"\" alt=\"\" title=\"ASTECH LOGO\"><\/div> <div  class=\"col-xs-6 col-sm-2\"> <img decoding=\"async\"  src=\"https:\/\/sigmatech.com.br\/wp-content\/uploads\/2020\/04\/radiante-corretora-logo-corte.png\" class=\"\" alt=\"\" title=\"Radiante Corretora\"><\/div> <\/div><\/div> <\/div><div  data-label=\"Depoimentos\" data-id=\"testimonials--1\" data-export-id=\"testimonials-1\" data-category=\"testimonials\" class=\"testimonials-1 content-section content-section-spacing\" id=\"depoimentos\" style=\"background-color: rgb(245, 250, 253);\"><div  class=\"gridContainer\"> <div  class=\"row\"><div  data-type=\"column\" class=\"section-title-col\"> <h2  class=\"\">O que nossos clientes falam\u2026<\/h2> <p  class=\"lead\">\u2026sobre o atendimento e nossos servi\u00e7os.<\/p><\/div> <\/div> <div  class=\"row spaced-cols content-center-sm\" data-type=\"row\"> <div  class=\"col-sm-4\"> <i  class=\"fa fa-quote-right icon color1 small quotation-icon\"><\/i> <p  class=\"\">Excelente atendimento com profissionais competentes e qualificados.<\/p> <h5  class=\"\">Emanuelle Silva<\/h5> <p  class=\"small\" style=\"font-style: italic;\">Hi Logistics \u2013 LG<\/p><\/div> <div  class=\"col-sm-4\"><i  class=\"fa fa-quote-right icon color1 small quotation-icon\"><\/i> <p  class=\"\">Excelente atendimento, profissionais de alt\u00edssima qualidade, desde o Heitor (propriet\u00e1rio) Super atencioso, at\u00e9 o Robert que arrega\u00e7a as mangas e mostra a qualidade que tem, o cara \u00e9 (Fora da curva\u2026) Super satisfeito, gratid\u00e3o aos amigos.<\/p> <h5  class=\"\">Anderson Santana<\/h5> <p  class=\"small\" style=\"font-style: italic;\">AM Produtos Industriais<\/p><\/div> <div  class=\"col-sm-4\"><i  class=\"fa fa-quote-right icon color1 small quotation-icon\"><\/i> <p  class=\"\">Empresa muito boa! Quem me atendeu foi o Robert, que inclusive merece um elogio! Com certeza um dos mais prestativos e competentes t\u00e9cnicos que tive a honra de conhecer!<\/p> <h5  class=\"\">Mario Cabral<\/h5> <\/div> <\/div><\/div> <\/div><div  data-label=\"Precisa resolver seu ti\" data-id=\"cta--2\" data-export-id=\"cta-blue-section\" data-category=\"cta\" class=\"cta-blue-section content-section content-section-spacing-medium bg-color1 white-text\" id=\"precisa-resolver-seu-ti\"><div  class=\"gridContainer\"> <div  class=\"row middle-xs\"><div  class=\"col-sm-8 space-bottom-xs\" data-type=\"column\"> <h2  class=\"\">Precisa resolver seu TI?&nbsp;<span  class=\"font-300\">Solicita nossa proposta, queremos resolver.<\/span><\/h2> <\/div> <div  class=\"col-sm-4 end-sm\" data-type=\"column\"> <a class=\"button big color2\" href=\"https:\/\/sigmatech.com.br\/pt_br\/solicitar-proposta\" target=\"_self\" data-cp-link=\"1\" data-icon=\"\" rel=\"noopener noreferrer\">REQUEST PROPOSAL<\/a><\/div> <\/div><\/div> <\/div><div  data-label=\"Precisa de Ajuda\" data-id=\"overlappable--1\" data-export-id=\"overlappable-2\" data-category=\"overlappable\" class=\"overlappable-2 content-section content-section-spacing\" data-overlap=\"true\" id=\"precisa-de-ajuda\" style=\"background-color: rgb(52, 58, 64); background-image: none;\" data-section-ov=\"1\"><div  class=\"gridContainer\"> <div  class=\"row middle-sm shadow-medium bg-color-white\"><div  class=\"col-xs-12 col-sm-4 top-sm col-padding col-padding-xs\" data-type=\"column\"> <h3  class=\"font-300\"><span  style=\"font-weight: 900;\">Voc\u00ea precisa de ajuda para uma cota\u00e7\u00e3o?<\/span><\/h3> <p  class=\"\">Seja um or\u00e7amento de contrato ou visita t\u00e9cnica, estaremos prontos para lhe ajudar.<\/p> <a class=\"button y-move big color1\" href=\"https:\/\/sigmatech.com.br\/solicitar-proposta\" target=\"_self\" data-cp-link=\"1\" data-icon=\"\" rel=\"noopener noreferrer\">SOLICITAR OR\u00c7AMENTO<\/a><a class=\"button big color1 outline\" href=\"#\" target=\"_self\" data-cp-link=\"1\" data-icon=\"\" rel=\"noopener noreferrer\">FALAR COM O ESPECIALISTA<\/a><p  class=\"lead\"><span  style=\"font-weight: 400;\">N\u00e3o deixe de falar em nosso chat para solucionar sua d\u00favida r\u00e1pida.<\/span><\/p><\/div> <div  class=\"col-xs-12 col-sm-8\"><div  data-type=\"row\" class=\"row center-sm\"> <div  class=\"col-xs-12 col-sm-6 col-padding col-padding-small-xs\"><i  class=\"fa icon fa-support bordered round color1\"><\/i> <h5  class=\"\">IT SUPPORT<\/h5> <p  class=\"\">Prestamos servi\u00e7o de suporte a computadores e redes empresariais de pequeno e m\u00e9dio porte.<\/p><\/div> <div  class=\"col-xs-12 col-sm-6 col-padding col-padding-small-xs\"><i  class=\"fa icon fa-area-chart bordered round color1\"><\/i> <h5  class=\"\">IT CONSULTING<\/h5> <p  class=\"\">Levantamos os requisitos e lhe ajudamos a continuar sendo competivos no mercado usado a tecnologia ao seu favor.<\/p><\/div> <div  class=\"col-xs-12 col-sm-6 col-padding col-padding-small-xs\"><i  class=\"fa icon fa-volume-control-phone bordered round color1\"><\/i> <h5  class=\"\">TELEFONIA IP<\/h5> <p  class=\"\">Telefonia Digital por IP. Interligue Filiais e colaboradores em Home Office. URA com voz humana e avan\u00e7ada.&nbsp;<\/p><\/div> <div  class=\"col-xs-12 col-sm-6 col-padding col-padding-small-xs\"> <i  class=\"fa icon fa-tasks bordered round color1\"><\/i> <h5  class=\"\">MONITORAMENTO E NUVEM<\/h5> <p  class=\"\">Encontre uma solu\u00e7\u00e3o de monitoramento e gerenciamento de nuvem em um s\u00f3 lugar.<\/p><\/div> <\/div><\/div> <\/div><\/div> <\/div><div  data-label=\"Gostaria de uma proposta\" data-id=\"cta--1\" data-export-id=\"cta-centered-bg-section\" data-category=\"cta\" data-section-ov=\"1\" class=\"cta-centered-bg-section content-section content-section-spacing-medium white-text\" data-parallax-depth=\"20\" id=\"gostaria-de-uma-proposta\" style=\"background-color: rgb(255, 255, 255); background-image: url(&quot;https:\/\/sigmatech.com.br\/wp-content\/uploads\/2019\/08\/20190123_1417401.jpg&quot;); background-size: cover; background-position: center top;\"><div  class=\"gridContainer\"> <div  class=\"row text-center\"><div  data-type=\"column\" class=\"\"> <h2  class=\"\">Gostaria de uma Proposta?<\/h2> <a class=\"button color10 outline\" href=\"https:\/\/sigmatech.com.br\/pt_br\/planos-empresariais\" target=\"_self\" data-cp-link=\"1\" data-icon=\"\" rel=\"noopener noreferrer\">PLANOS EMPRESARIAIS<\/a><a class=\"button color1\" href=\"https:\/\/sigmatech.com.br\/pt_br\/solicitar-proposta\" target=\"_self\" data-cp-link=\"1\" data-icon=\"\" rel=\"noopener noreferrer\">REQUEST PROPOSAL<\/a><\/div> <\/div><\/div> <\/div>","protected":false},"excerpt":{"rendered":"<p>Os Melhores para Voc\u00ea Nossos servi\u00e7os, s\u00e3o especializados para empresas, mas quem realmente se beneficia com eles \u00e9 voc\u00ea! Tenha tranquilidade e um departamento de TI cuidando do seu neg\u00f3cio. Suporte de TI Suporte T\u00e9cnico do B\u00e1sico ao Avan\u00e7ado, com equipe especializada e confi\u00e1vel. Acesso Remoto e&nbsp; Assist\u00eancia Presencial. Telefonia Digital IP Sua telefonia \u00e9&hellip; <br \/> <a class=\"read-more\" href=\"https:\/\/sigmatech.com.br\/en_us\/servicos-de-ti-para-empresas\/\">Read more<\/a><\/p>","protected":false},"author":1,"featured_media":0,"parent":0,"menu_order":0,"comment_status":"closed","ping_status":"closed","template":"pro\/page-templates\/full-width-page.php","meta":{"_exactmetrics_skip_tracking":false,"_exactmetrics_sitenote_active":false,"_exactmetrics_sitenote_note":"","_exactmetrics_sitenote_category":0,"footnotes":""},"class_list":["post-471","page","type-page","status-publish","hentry"],"_links":{"self":[{"href":"https:\/\/sigmatech.com.br\/en_us\/wp-json\/wp\/v2\/pages\/471","targetHints":{"allow":["GET"]}}],"collection":[{"href":"https:\/\/sigmatech.com.br\/en_us\/wp-json\/wp\/v2\/pages"}],"about":[{"href":"https:\/\/sigmatech.com.br\/en_us\/wp-json\/wp\/v2\/types\/page"}],"author":[{"embeddable":true,"href":"https:\/\/sigmatech.com.br\/en_us\/wp-json\/wp\/v2\/users\/1"}],"replies":[{"embeddable":true,"href":"https:\/\/sigmatech.com.br\/en_us\/wp-json\/wp\/v2\/comments?post=471"}],"version-history":[{"count":20,"href":"https:\/\/sigmatech.com.br\/en_us\/wp-json\/wp\/v2\/pages\/471\/revisions"}],"predecessor-version":[{"id":1264,"href":"https:\/\/sigmatech.com.br\/en_us\/wp-json\/wp\/v2\/pages\/471\/revisions\/1264"}],"wp:attachment":[{"href":"https:\/\/sigmatech.com.br\/en_us\/wp-json\/wp\/v2\/media?parent=471"}],"curies":[{"name":"wp","href":"https:\/\/api.w.org\/{rel}","templated":true}]}}