{"id":987,"date":"2020-04-11T11:20:06","date_gmt":"2020-04-11T14:20:06","guid":{"rendered":"https:\/\/sigmatech.com.br\/?page_id=987"},"modified":"2020-07-09T20:46:24","modified_gmt":"2020-07-09T23:46:24","slug":"planos-empresariais","status":"publish","type":"page","link":"https:\/\/sigmatech.com.br\/en_us\/planos-empresariais\/","title":{"rendered":"Planos Empresariais"},"content":{"rendered":"<div  data-label=\"Planos Empresariais\" data-id=\"overlappable--1\" data-export-id=\"overlappable-1\" data-category=\"overlappable\" class=\"overlappable-1 content-section content-section-spacing\" data-overlap=\"true\" id=\"planos-empresariais\" style=\"background-color: rgb(255, 255, 255);\"><div  class=\"gridContainer\"> <div  data-type=\"row\" class=\"row shadow-medium\"> <div  data-type=\"column\" class=\"col-xs-12 col-sm-4 flexcol bg-color6 col-padding col-padding-small-xs inverted\"><i  class=\"fa icon fa-star color3\"><\/i> <h5  class=\"inverted\">SUPORTE COMPLETO SIGMA EMPRESARIAL<\/h5> <p  class=\"\" style=\"text-align: justify;\">Os planos de Suporte Completo Sigma Empresarial, s\u00e3o os recomendados para empresas em geral com mais de 10 computadores ou em crescimento. Encontre nos n\u00edveis bronze, prata ou gold o mais adequado para seu neg\u00f3cio.<\/p> <a class=\"button color3 outline\" href=\"https:\/\/sigmatech.com.br\/planos-de-suporte-sigma-completo-empresarial\" target=\"_self\" data-cp-link=\"1\" data-icon=\"\" rel=\"noopener noreferrer\">CONHECER SUPORTE COMPLETO SIGMA<\/a><p  class=\"\">Recomendado para empresas com 10 ou mais esta\u00e7\u00f5es de trabalho.<\/p><\/div><div  data-type=\"column\" class=\"col-xs-12 col-sm-4 flexcol bg-color2 col-padding col-padding-small-xs inverted\"><i  class=\"fa icon white fa-get-pocket color8\"><\/i> <h5  class=\"inverted\">SUPORTE B\u00c1SICO EMPRESARIAL<\/h5> <p  class=\"\">Se voc\u00ea tem um pequeno escrit\u00f3rio de at\u00e9 5 computadores e precisa de suporte t\u00e9cnico sempre dispon\u00edvel e cuidando da sua TI, os planos b\u00e1sicos podem lhe ajudar.<\/p> <a class=\"button inverted color8 outline\" href=\"https:\/\/sigmatech.com.br\/pt_br\/solicitar-proposta\" target=\"_self\" data-cp-link=\"1\" data-icon=\"\" rel=\"noopener noreferrer\">SOLICITAR SUPORTE B\u00c1SICO<\/a><p  class=\"\">Recomendado para pequenas empresas, como logistas e escrit\u00f3rios em geral de at\u00e9 5 esta\u00e7\u00f5es de trabalho.<\/p><\/div><div  data-type=\"column\" class=\"col-xs-12 col-sm-4 flexcol bg-color-white col-padding col-padding-small-xs\"> <i  class=\"fa icon fa-phone color2\"><\/i> <h5  class=\"\">TELEFONIA SIGMA DIGITAL IP<\/h5> <p  class=\"\">Nunca mais perca liga\u00e7\u00f5es, mesmo em Home Office. Tenha telefonia de alta tecnologia com URA, espera e grava\u00e7\u00f5es como as grandes empresas no or\u00e7amento das pequenas!<\/p> <a class=\"button color2 outline\" href=\"https:\/\/sigmatech.com.br\/pt_br\/telefonia-sigma-digital-ip\" target=\"_self\" data-cp-link=\"1\" data-icon=\"\" rel=\"noopener noreferrer\">CONHECER TELEFONIA SIGMA DIGITAL IP<\/a><p  class=\"\">Recomendado para pequenas e m\u00e9dias empresas que precisam de telefonia para Home Office e unificar matriz e filiais.<\/p><\/div>  <\/div><\/div> <\/div><div  data-label=\"Como contratar os planos\" data-id=\"features--1\" data-export-id=\"features-5\" data-category=\"features\" class=\"features-5 content-section-spacing\" id=\"como-contratar-os-planos\" style=\"background-color: rgb(245, 250, 253);\"><div  class=\"gridContainer\"> <div  class=\"row text-center\"><div  class=\"section-title-col\" data-type=\"column\"> <h2  class=\"\">Como contratar nossos Planos?<\/h2> <p  class=\"lead\">Caso esteja com d\u00favidas de como contratar, vamos te ajudar.<\/p><\/div> <\/div> <div  class=\"row text-center\" data-type=\"row\"> <div  class=\"col-xs-12 col-sm-4 col-md-4 col-padding-small\"> <div  class=\"number-container\"> <div  class=\"link-line left bg-color1\"><\/div> <p  class=\"number border-color1 color1\"><span >1<\/span><\/p> <div  class=\"link-line right bg-color1\"><\/div><\/div> <div  data-type=\"column\" class=\"\"><h5  class=\"\">ENCONTRE SEU PLANO<\/h5> <p  class=\"text-center\">Em nosso site, poder\u00e1 encontrar os <a data-mce-href=\"#planos-empresariais\" href=\"#planos-empresariais\" target=\"_blank\" rel=\"noopener noreferrer\" data-mce-selected=\"inline-boundary\" data-cp-link=\"1\">Planos Empresariais<\/a>. Trabalhamos com telefonia totalmente digital e suporte de TI voltado para empresas, escolha entre nossos planos completos Sigma ou os b\u00e1sicos.<\/p><\/div> <\/div> <div  class=\"col-xs-12 col-sm-4 col-md-4 col-padding-small\"> <div  class=\"number-container\"> <div  class=\"link-line left bg-color1\"><\/div> <p  class=\"number border-color1 color1\"><span >2<\/span><\/p> <div  class=\"link-line right bg-color1\"><\/div><\/div> <div  data-type=\"column\" class=\"\"><h5  class=\"\">SOLICITE A PROPOSTA<\/h5> <p  class=\"text-center\">Clique em \u201cSolicitar Proposta\u201d no plano desejado, iremos enviar uma proposta formal para voc\u00ea. Para isso preencha todos os campos solicitados para nosso contato. Queremos te conhecer!<\/p><\/div><\/div> <div  class=\"col-xs-12 col-sm-4 col-md-4 col-padding-small\"><div  class=\"number-container\"> <div  class=\"link-line left bg-color1\"><\/div> <p  class=\"number border-color1 color1\"><span >3<\/span><\/p> <div  class=\"link-line right bg-color1\"><\/div><\/div> <div  data-type=\"column\" class=\"\"><h5  class=\"\">IN\u00cdCIO EM 48HRS<\/h5> <p  class=\"text-center\">Ap\u00f3s aceitar nosso termo de proposta, lhe enviaremos nosso contrato digital e ser\u00e1 dedicado um consultor para o primeiro m\u00eas de integra\u00e7\u00e3o. Os servi\u00e7os podem ser iniciados em at\u00e9 48 horas \u00fateis do seu de acordo.<\/p><\/div> <\/div><\/div> <\/div><\/div><div  data-label=\"O que nossos clientes dizem\" data-id=\"testimonials--1\" data-export-id=\"testimonials-1\" data-category=\"testimonials\" class=\"testimonials-1 content-section content-section-spacing\" id=\"o-que-nossos-clientes-dizem\" style=\"background-color: rgb(255, 255, 255);\"><div  class=\"gridContainer\"> <div  class=\"row\"><div  data-type=\"column\" class=\"section-title-col\"> <h2  class=\"\">Sobre o atendimento, Nossos Clientes dizem:<\/h2> <p  class=\"lead\">Avalia\u00e7\u00f5es do Google<\/p><\/div> <\/div> <div  class=\"row spaced-cols content-center-sm\" data-type=\"row\"> <div  class=\"col-sm-4\"><i  class=\"fa fa-quote-right icon color1 small quotation-icon\"><\/i> <p  class=\"\">Excelente atendimento com profissionais competentes e qualificados.<\/p> <h5  class=\"\">Emanuelle Bezerra<\/h5> <p  class=\"small\" style=\"font-style: italic;\">Hi Logistics \u2013 LG Eletronics<\/p><\/div> <div  class=\"col-sm-4\"> <i  class=\"fa fa-quote-right icon color1 small quotation-icon\"><\/i> <p  class=\"\">Excelente Atendimento!<\/p> <h5  class=\"\">Alessandro Ferreira<\/h5> <p  class=\"small\" style=\"font-style: italic;\">Brada \u2013 M\u00f3veis Planejados<\/p><\/div><div  class=\"col-sm-4\"><i  class=\"fa fa-quote-right icon color1 small quotation-icon\"><\/i> <p  class=\"\">Excelente atendimento com pessoal altamente capacitado!!<\/p> <h5  class=\"\">Rafael Bernardo<\/h5> <p  class=\"small\" style=\"font-style: italic;\">Radiante Corretora<\/p><\/div> <\/div><\/div> <\/div><div  data-label=\"Precisa que te contate\" data-id=\"cta--1\" data-export-id=\"cta-blue-section\" data-category=\"cta\" class=\"cta-blue-section content-section content-section-spacing-medium bg-color1 white-text\" id=\"precisa-que-te-contate\"><div  class=\"gridContainer\"> <div  class=\"row middle-xs\"><div  class=\"col-sm-8 space-bottom-xs\" data-type=\"column\"> <h2  class=\"\">Gostaria de receber nosso contato?\r\n<br ><span  style=\"font-weight: 300;\">Se precisa de ajuda, vamos te ligar.&nbsp;<\/span><\/h2> <\/div> <div  class=\"col-sm-4 end-sm\" data-type=\"column\"> <a class=\"button color2\" href=\"https:\/\/sigmatech.com.br\/pt_br\/solicitar-proposta\" target=\"_self\" data-cp-link=\"1\" data-icon=\"\" rel=\"noopener noreferrer\">CONTATE-ME<\/a><\/div> <\/div><\/div> <\/div><div  data-label=\"Clientes Felizes\" data-id=\"clients--1\" data-export-id=\"clients-1\" data-category=\"clients\" class=\"clients-1 content-section content-section-spacing\" id=\"clientes-felizes\" style=\"background-color: rgb(255, 255, 255);\"><div  class=\"gridContainer\"> <div  class=\"row middle-sm\"><div  data-type=\"column\" class=\"col-sm-6 space-bottom-xs\"> <h2  class=\"font-700\">Clientes Satisfeitos<\/h2> <p  class=\"lead\">Formamos verdadeiras parcerias ao longo do tempo!<\/p><\/div> <div  class=\"col-sm-6\"><div  data-type=\"row\" class=\"row spaced-cols center-xs padding-lr\"> <div  class=\"col-xs-3\"> <img decoding=\"async\"  src=\"https:\/\/sigmatech.com.br\/wp-content\/uploads\/2020\/04\/ANGIORAD-LOGO.jpg\" class=\"desaturate\" alt=\"ANGIORAD\" title=\"ANGIORAD\"><\/div><div  class=\"col-xs-3\"> <img decoding=\"async\"  src=\"https:\/\/sigmatech.com.br\/wp-content\/uploads\/2020\/04\/Hi-LOGISTICS-LG-logo.jpg\" class=\"desaturate\" alt=\"\" title=\"Hi Logistics - LG Eletronics\"><\/div> <div  class=\"col-xs-3\"> <img decoding=\"async\"  src=\"https:\/\/sigmatech.com.br\/wp-content\/uploads\/2020\/04\/radiante-corretora-logo-corte.png\" class=\"desaturate\" alt=\"\" title=\"Radiante Corretora\"><\/div> <div  class=\"col-xs-3\"> <img decoding=\"async\"  src=\"https:\/\/sigmatech.com.br\/wp-content\/uploads\/2020\/04\/ULTRA-MATER-LOGO-RECIFE.jpg\" class=\"desaturate\" alt=\"\" title=\"Ultra Mater - Ultrassom e Medicina Fetal\"><\/div> <\/div><\/div> <\/div><\/div> <\/div>","protected":false},"excerpt":{"rendered":"<p>SUPORTE COMPLETO SIGMA EMPRESARIAL Os planos de Suporte Completo Sigma Empresarial, s\u00e3o os recomendados para empresas em geral com mais de 10 computadores ou em crescimento. Encontre nos n\u00edveis bronze, prata ou gold o mais adequado para seu neg\u00f3cio. CONHECER SUPORTE COMPLETO SIGMARecomendado para empresas com 10 ou mais esta\u00e7\u00f5es de trabalho. SUPORTE B\u00c1SICO EMPRESARIAL&hellip; <br \/> <a class=\"read-more\" href=\"https:\/\/sigmatech.com.br\/en_us\/planos-empresariais\/\">Read more<\/a><\/p>","protected":false},"author":1,"featured_media":0,"parent":0,"menu_order":0,"comment_status":"closed","ping_status":"closed","template":"pro\/page-templates\/full-width-page.php","meta":{"_exactmetrics_skip_tracking":false,"_exactmetrics_sitenote_active":false,"_exactmetrics_sitenote_note":"","_exactmetrics_sitenote_category":0,"footnotes":""},"class_list":["post-987","page","type-page","status-publish","hentry"],"_links":{"self":[{"href":"https:\/\/sigmatech.com.br\/en_us\/wp-json\/wp\/v2\/pages\/987","targetHints":{"allow":["GET"]}}],"collection":[{"href":"https:\/\/sigmatech.com.br\/en_us\/wp-json\/wp\/v2\/pages"}],"about":[{"href":"https:\/\/sigmatech.com.br\/en_us\/wp-json\/wp\/v2\/types\/page"}],"author":[{"embeddable":true,"href":"https:\/\/sigmatech.com.br\/en_us\/wp-json\/wp\/v2\/users\/1"}],"replies":[{"embeddable":true,"href":"https:\/\/sigmatech.com.br\/en_us\/wp-json\/wp\/v2\/comments?post=987"}],"version-history":[{"count":28,"href":"https:\/\/sigmatech.com.br\/en_us\/wp-json\/wp\/v2\/pages\/987\/revisions"}],"predecessor-version":[{"id":1120,"href":"https:\/\/sigmatech.com.br\/en_us\/wp-json\/wp\/v2\/pages\/987\/revisions\/1120"}],"wp:attachment":[{"href":"https:\/\/sigmatech.com.br\/en_us\/wp-json\/wp\/v2\/media?parent=987"}],"curies":[{"name":"wp","href":"https:\/\/api.w.org\/{rel}","templated":true}]}}