{"id":1033,"date":"2020-04-11T20:37:54","date_gmt":"2020-04-11T23:37:54","guid":{"rendered":"https:\/\/sigmatech.com.br\/?page_id=1033"},"modified":"2020-07-14T23:55:51","modified_gmt":"2020-07-15T02:55:51","slug":"telefonia-sigma-digital-ip","status":"publish","type":"page","link":"https:\/\/sigmatech.com.br\/pt_br\/telefonia-sigma-digital-ip\/","title":{"rendered":"Telefonia Sigma Digital IP"},"content":{"rendered":"<div  data-label=\"Central Digital\" data-id=\"about--2\" data-export-id=\"about-9\" data-category=\"about\" class=\"about-9 content-section content-section-spacing\" id=\"central-digital\" style=\"background-color: rgb(255, 255, 255);\"><div  class=\"gridContainer\"> <div  class=\"row middle-sm text-center\"><div  class=\"col-sm-5 space-bottom-xs content-column content-right-sm\" data-type=\"column\"> <h5  class=\"\">CENTRAL DIGITAL<\/h5> <h2  class=\"\">Tenha o melhor da<br ><font  face=\"Playfair Display, sans-serif\"><i >telefonia e tecnologia\n<\/i><\/font>trabalhando juntos!<\/h2> <p  class=\"\">At\u00e9 quando voc\u00ea vai ficar perdendo liga\u00e7\u00f5es? Seu telefone toca, mas n\u00e3o sabe quem te liga?\n<br ><br >\nMelhore seu atendimento aos clientes e fornecedores!<br >&nbsp;<br >Nossos clientes de telefonia n\u00e3o tem mais esse problema e est\u00e3o conseguindo trabalhar at\u00e9 mesmo em Home Office.<br ><br >Conhe\u00e7a nossa solu\u00e7\u00e3o!<\/p> <a class=\"button color1\" href=\"#video-telefonia-sigma-digital-ip\" target=\"_self\" data-cp-link=\"1\" data-icon=\"\" rel=\"noopener noreferrer\">QUERO CONHECER<\/a><\/div> <div  class=\"col-sm-7 flexbox flexbox middle-xs center-xs space-bottom-xs\"><div  class=\"overlay-box flexbox middle-xs center-xs overlay-holder \"> <div  class=\"overlay-box-offset offset-background shadow-medium bg-color2 hide-xs\"><\/div> <img decoding=\"async\"  class=\"flexbox shadow-large img1\" src=\"https:\/\/sigmatech.com.br\/wp-content\/uploads\/2019\/08\/pabx-e-pabx-ip-entenda-as-diferencas-1.jpg\" data-size=\"600x400\" alt=\"\" title=\"pabx-e-pabx-ip-entenda-as-diferencas (1)\"><\/div> <\/div><\/div> <\/div><\/div><div  data-label=\"Video telefonia sigma digital ip\" data-id=\"about--1\" data-export-id=\"about-2\" data-category=\"about\" class=\"about-2 content-section content-section-spacing\" id=\"video-telefonia-sigma-digital-ip\" style=\"background-color: rgb(255, 255, 255);\"><div  class=\"gridContainer\"> <div  class=\"row\"><div  class=\"col-sm-6 no-gutter-col flexbox-strech center-xs middle-xs\"> <div  class=\"lightbox-video dark-overlay shadow-large overlap-right-large flexbox middle-xs center-xs\" data-type=\"group\" data-bg=\"image\" style=\"background-image: url(&quot;https:\/\/sigmatech.com.br\/wp-content\/uploads\/2019\/08\/pabx-e-pabx-ip-entenda-as-diferencas-1.jpg&quot;);\"> <a  data-fancybox=\"\" data-video-lightbox=\"true\" href=\"https:\/\/www.youtube.com\/watch?v=sOhS3XeZutc\" class=\"\"> <i  data-cp-fa=\"true\" class=\"fa video-icon fa-play-circle-o color8\"><\/i><\/a> <\/div><\/div> <div  class=\"col-sm-6 space-bottom-xs col-padding-small-xs col-sm-padding-large white-text content-col bg-color5\" data-type=\"column\"><h5  class=\"\">SERVI\u00c7O<\/h5> <h2  class=\"\">Telefonia Sigma Digital IP<\/h2> <p  class=\"\">Nossa solu\u00e7\u00e3o \u00e9 baseada por software 3CX onde temos sua PBX na nuvem.\n<br ><br >Os ramais podem conectar-se diretamente na internet, seja seu celular, esta\u00e7\u00e3o de trabalho ou aparelho f\u00edsico IP dedicado de telefonia.\n<br ><br >Seja onde for continuar\u00e1 falando atrav\u00e9s de seu ramal empresarial. N\u00e3o perca liga\u00e7\u00f5es!<br ><br >Videoconfer\u00eancia gratuita em todos os planos!<\/p><\/div> <\/div><\/div> <\/div><div  data-label=\"Telefonia Sigma Digital IP\" data-id=\"overlappable--1\" data-export-id=\"overlappable-2\" data-category=\"overlappable\" class=\"overlappable-2 content-section content-section-spacing\" data-overlap=\"true\" id=\"telefonia-sigma-digital-ip\" style=\"background-color: rgb(255, 255, 255);\"><div  class=\"gridContainer\"> <div  class=\"row middle-sm shadow-medium bg-color-white\"><div  class=\"col-xs-12 col-sm-4 top-sm col-padding col-padding-xs\" data-type=\"column\"> <h3  class=\"font-300\">Quer atualizar sua Central&nbsp; Anal\u00f3gica para Digital?<\/h3> <p  class=\"\">Conhe\u00e7a nossos planos de Telefonia Sigma Digital IP<\/p> <a class=\"button y-move big color1\" href=\"#planos-telefonia\" target=\"_self\" data-cp-link=\"1\" data-icon=\"\" rel=\"noopener noreferrer\">VER PLANOS<\/a><\/div> <div  class=\"col-xs-12 col-sm-8\"><div  data-type=\"row\" class=\"row\"> <div  class=\"col-xs-12 col-sm-6 col-padding col-padding-small-xs\"><i  class=\"fa icon fa-home bordered round color1\"><\/i> <h5  class=\"\">HOME OFFICE<\/h5> <p  class=\"\" style=\"text-align: justify;\">Precisa continuar recebendo liga\u00e7\u00f5es dos clientes, mesmo em casa ou lugares remotos?&nbsp;Nossa solu\u00e7\u00e3o de Telefonia Sigma pode lhe ajudar a chegar l\u00e1.<\/p><\/div> <div  class=\"col-xs-12 col-sm-6 col-padding col-padding-small-xs\"><i  class=\"fa icon fa-exclamation-circle bordered round color1\"><\/i> <h5  class=\"\">ESPERA TELEF\u00d4NICA<\/h5> <p  class=\"\" style=\"text-align: justify;\">Gostaria que seu cliente ou\u00e7a algumas orienta\u00e7\u00f5es enquanto aguarda o atendimento? Ganhe 3 grava\u00e7\u00f5es de est\u00fadio em qualquer plano e aumente a reten\u00e7\u00e3o das liga\u00e7\u00f5es na espera.<\/p><\/div> <div  class=\"col-xs-12 col-sm-6 col-padding col-padding-small-xs\"><i  class=\"fa icon fa-heart bordered round color1\"><\/i> <h5  class=\"\">URA \u2013 ATENDIMENTO ELETR\u00d4NICO<\/h5> <p  class=\"\" style=\"text-align: justify;\">Temos sistema de URA din\u00e2mica com voz humana e personalizada, como os atendimentos de grandes empresas de refer\u00eancia do mercado.<\/p><\/div> <div  class=\"col-xs-12 col-sm-6 col-padding col-padding-small-xs\"> <i  class=\"fa icon fa-commenting bordered round color1\"><\/i> <h5  class=\"\">N\u00c3O PERCA LIGA\u00c7\u00d5ES<\/h5> <p  class=\"\" style=\"text-align: justify;\">Com o sistema de Telefonia Sigma Digital IP, voc\u00ea sempre ir\u00e1 identificar as liga\u00e7\u00f5es recebidas e caso o cliente n\u00e3o aguarde a espera telef\u00f4nica, voc\u00ea poder\u00e1 conseguir retornar f\u00e1cilmente ou deixar uma mensagem na sua secret\u00e1ria eletr\u00f4nica.<\/p><\/div> <\/div><\/div> <\/div><\/div> <\/div><div  data-label=\"Planos Telefonia\" data-id=\"pricing--1\" data-export-id=\"pricing-3\" data-category=\"pricing\" data-featured-class=\"pricing-featured\" class=\"pricing-3 content-section content-section-spacing\" id=\"planos-telefonia\" style=\"background-color: rgb(245, 250, 253);\"><div  class=\"gridContainer\"> <div  class=\"row middle-sm\"><div  class=\"col-xs-12 col-sm-4 col-padding-xs\" data-type=\"column\"> <h2  class=\"\">Escolha seu plano<\/h2> <p  class=\"lead\"><span  style=\"font-weight: 400;\">Aten\u00e7\u00e3o:<\/span> Deve-se consultar o custos com linha tipo SIP caso ainda n\u00e3o tenha. Temos os melhores valores com nossos parceiros. Solicite nossa proposta.<\/p><\/div> <div  class=\"col-xs-12 col-sm-8\"><div  class=\"row middle-sm spaced-cols\" data-type=\"row\"> <div  data-default=\"no-class\" data-featured=\"shadow-large\" class=\"col-xs-12 col-sm-6 card-replacer text-center pos-rel shadow-large pricing-featured\"><div  class=\"top-right-triangle color2\" data-fixed=\"true\"><\/div> <h5  class=\"upper\"><span  style=\"font-weight: 300;\">O MAIS ESCOLHIDO<\/span><br ><br >B\u00c1SICO<\/h5> <i  class=\"fa icon round-background fa-phone reverse round big color10\"><\/i> <h3  class=\"h1\">R$ 210<span  id=\"_mce_caret\" data-mce-bogus=\"1\" data-mce-type=\"format-caret\"><sub >\ufeff<\/sub><\/span><\/h3> <p  data-default=\"color1\" data-featured=\"color2\" class=\"small color2\">por m\u00eas<\/p> <ul  class=\"unstyled stared decoration-color1 text-center black\"><li >Central na Nuvem<\/li><li >5 Ramais Digitais<\/li><li >Espera Telef\u00f4nica<\/li><li >URA \u2013 Atendimento Eletr\u00f4nico<\/li><li >Secret\u00e1ria Eletr\u00f4nica<\/li><li >Identificador de Chamadas<\/li><li >Videoconfer\u00eancia Web<\/li><li >Ramal no Celular e Computador<\/li><li >Configura\u00e7\u00e3o de aparelho f\u00edsico IP<\/li><li >B\u00f4nus: 3 Grava\u00e7\u00f5es de Est\u00fadio por ano<\/li><li >N\u00e3o inclusos custo da linha e liga\u00e7\u00f5es realizadas<\/li><\/ul> <a data-default=\"color1\" data-featured=\"color2\" class=\"button upper y-move big color2\" href=\"https:\/\/sigmatech.com.br\/pt_br\/solicitar-proposta-de-telefonia-ip\" target=\"_self\" data-cp-link=\"1\" data-icon=\"\" rel=\"noopener noreferrer\">SOLICITAR PROPOSTA<\/a><\/div> <div  data-default=\"no-class\" data-featured=\"shadow-large\" class=\"col-xs-12 col-sm-6 card-replacer text-center pos-rel\"><div  class=\"top-right-triangle color2\" data-fixed=\"true\"><\/div> <h5  class=\"upper\">premium<\/h5> <i  class=\"fa icon round-background fa-rocket reverse round big color3\"><\/i> <h3  class=\"h1\">R$ 375<\/h3> <p  data-default=\"color1\" data-featured=\"color2\" class=\"small color1\">por m\u00eas<\/p> <ul  class=\"unstyled stared decoration-color1 text-center black\"><li >Todos Benef\u00edcios do B\u00e1sico<\/li><li >+ 20 ramais (Total 25)<\/li><li >3 Grava\u00e7\u00f5es Extras de Est\u00fadio para URA ou Espera Telef\u00f4nica<\/li><li >Suporte Priorit\u00e1rio<\/li><li >N\u00e3o inclusos custo da linha e liga\u00e7\u00f5es realizadas<\/li><\/ul> <a data-default=\"color1\" data-featured=\"color2\" class=\"button upper y-move big color3\" href=\"https:\/\/sigmatech.com.br\/pt_br\/solicitar-proposta-de-telefonia-ip\" target=\"_self\" data-cp-link=\"1\" data-icon=\"\" rel=\"noopener noreferrer\">SOLICITAR PROPOSTA<\/a><\/div> <\/div><\/div> <\/div><\/div> <\/div><div  data-label=\"Planos Empresariais\" data-id=\"cta--1\" data-export-id=\"cta-centered-bg-section\" data-category=\"cta\" data-section-ov=\"1\" class=\"cta-centered-bg-section content-section content-section-spacing-medium white-text\" data-parallax-depth=\"20\" id=\"planos-empresariais\" style=\"background-color: rgb(255, 255, 255); background-image: url(&quot;https:\/\/sigmatech.com.br\/wp-content\/uploads\/2019\/08\/Image-21.jpg&quot;); background-size: cover; background-position: center top;\"><div  class=\"gridContainer\"> <div  class=\"row text-center\"><div  data-type=\"column\" class=\"\"> <h2  class=\"\">Precisa de Suporte de TI para sua Empresa?&nbsp;<span  class=\"font-300\">Temos planos com Telefonia Sigma inclusa, conhe\u00e7a.<\/span><\/h2> <a class=\"button color2\" href=\"https:\/\/sigmatech.com.br\/pt_br\/planos-empresariais\" target=\"_blank\" data-cp-link=\"1\" data-icon=\"\" rel=\"noopener noreferrer\">CONHECER PLANOS EMPRESARIAIS<\/a><\/div> <\/div><\/div> <\/div><div  data-label=\"Solicitacao de Contato\" data-id=\"cta--2\" data-export-id=\"cta-blue-section\" data-category=\"cta\" class=\"cta-blue-section content-section content-section-spacing-medium bg-color1 white-text\" id=\"solicitacao-de-contato\"><div  class=\"gridContainer\"> <div  class=\"row middle-xs\"><div  class=\"col-sm-8 space-bottom-xs\" data-type=\"column\"> <h2  class=\"\">Gostaria de receber nosso contato?<br >\nSe precisa de ajuda, vamos te ligar.<\/h2> <\/div> <div  class=\"col-sm-4 end-sm\" data-type=\"column\"> <a class=\"button color2\" href=\"https:\/\/sigmatech.com.br\/pt_br\/solicitar-proposta\" target=\"_self\" data-cp-link=\"1\" data-icon=\"\" rel=\"noopener noreferrer\">CONTATE-ME<\/a><\/div> <\/div><\/div> <\/div>","protected":false},"excerpt":{"rendered":"<p>CENTRAL DIGITAL Tenha o melhor datelefonia e tecnologia trabalhando juntos! At\u00e9 quando voc\u00ea vai ficar perdendo liga\u00e7\u00f5es? Seu telefone toca, mas n\u00e3o sabe quem te liga? Melhore seu atendimento aos clientes e fornecedores!&nbsp;Nossos clientes de telefonia n\u00e3o tem mais esse problema e est\u00e3o conseguindo trabalhar at\u00e9 mesmo em Home Office.Conhe\u00e7a nossa solu\u00e7\u00e3o! QUERO CONHECER SERVI\u00c7O&hellip; <br \/> <a class=\"read-more\" href=\"https:\/\/sigmatech.com.br\/pt_br\/telefonia-sigma-digital-ip\/\">Read more<\/a><\/p>\n","protected":false},"author":1,"featured_media":0,"parent":0,"menu_order":0,"comment_status":"closed","ping_status":"closed","template":"pro\/page-templates\/full-width-page.php","meta":{"_exactmetrics_skip_tracking":false,"_exactmetrics_sitenote_active":false,"_exactmetrics_sitenote_note":"","_exactmetrics_sitenote_category":0,"footnotes":""},"class_list":["post-1033","page","type-page","status-publish","hentry"],"_links":{"self":[{"href":"https:\/\/sigmatech.com.br\/pt_br\/wp-json\/wp\/v2\/pages\/1033","targetHints":{"allow":["GET"]}}],"collection":[{"href":"https:\/\/sigmatech.com.br\/pt_br\/wp-json\/wp\/v2\/pages"}],"about":[{"href":"https:\/\/sigmatech.com.br\/pt_br\/wp-json\/wp\/v2\/types\/page"}],"author":[{"embeddable":true,"href":"https:\/\/sigmatech.com.br\/pt_br\/wp-json\/wp\/v2\/users\/1"}],"replies":[{"embeddable":true,"href":"https:\/\/sigmatech.com.br\/pt_br\/wp-json\/wp\/v2\/comments?post=1033"}],"version-history":[{"count":12,"href":"https:\/\/sigmatech.com.br\/pt_br\/wp-json\/wp\/v2\/pages\/1033\/revisions"}],"predecessor-version":[{"id":1202,"href":"https:\/\/sigmatech.com.br\/pt_br\/wp-json\/wp\/v2\/pages\/1033\/revisions\/1202"}],"wp:attachment":[{"href":"https:\/\/sigmatech.com.br\/pt_br\/wp-json\/wp\/v2\/media?parent=1033"}],"curies":[{"name":"wp","href":"https:\/\/api.w.org\/{rel}","templated":true}]}}