{"id":256,"date":"2017-12-14T17:59:55","date_gmt":"2017-12-14T20:59:55","guid":{"rendered":"http:\/\/sigmatech.com.br\/?page_id=256"},"modified":"2021-02-04T14:03:45","modified_gmt":"2021-02-04T17:03:45","slug":"atendimento","status":"publish","type":"page","link":"https:\/\/sigmatech.com.br\/pt_br\/atendimento\/","title":{"rendered":"Atendimento"},"content":{"rendered":"<div  data-label=\"Abra uma solicitacao\" data-id=\"cta--1\" data-export-id=\"cta-centered-bg-section\" data-category=\"cta\" data-section-ov=\"1\" class=\"cta-centered-bg-section content-section content-section-spacing-medium white-text\" data-parallax-depth=\"20\" id=\"abra-uma-solicitacao\" style=\"background-color: rgb(245, 250, 253); background-image: url(&quot;https:\/\/sigmatech.com.br\/wp-content\/uploads\/2019\/01\/20080617_trocadeprocessador_f_003.jpg&quot;); background-size: cover; background-position: center top;\"><div  class=\"gridContainer\"> <div  class=\"row text-center\"><div  data-type=\"column\" class=\"\"> <h2  class=\"\">Precisa de ajuda?&nbsp;<span  class=\"font-300\">Abra uma solicita\u00e7\u00e3o<\/span><\/h2> <a class=\"button color2\" href=\"https:\/\/sigmatechinfo.freshdesk.com\/support\/tickets\/new\" target=\"_blank\" data-cp-link=\"1\" data-icon=\"\" rel=\"noopener noreferrer\">ABRIR CHAMADO<\/a><a class=\"button color1\" href=\"https:\/\/sigmatechinfo.freshdesk.com\/support\/home\" target=\"_blank\" data-cp-link=\"1\" data-icon=\"\" rel=\"noopener noreferrer\">BASE DE CONHECIMENTO<\/a><\/div> <\/div><\/div> <\/div><div  data-label=\"Contatos de Suporte\" data-id=\"overlappable--1\" data-export-id=\"overlappable-6\" data-category=\"overlappable\" class=\"overlappable-6 content-section content-section-spacing content-relative\" data-overlap=\"true\" id=\"contatos-de-suporte\" style=\"background-color: rgb(255, 255, 255);\"><div  class=\"gridContainer\"> <div  data-type=\"row\" class=\"row shadow-medium\"><div  class=\"col-xs-12 col-sm-4 col-padding-small col-padding-small-xs white-text bg-color2\"> <div  class=\"row middle-xs\"><div  class=\"col-xs-12 col-sm-fit space-bottom-small-xs\"> <i  class=\"fa icon fa-phone bordered round color8\"><\/i><\/div> <div  data-type=\"column\" class=\"col-xs-12 col-sm\"><h4  class=\"\">TELEFONE<\/h4> <p  class=\"font-300\">81<tcxspan  tcxhref=\"https:\/\/sigmatech.east.3cx.us\/webclient\/#\/call?phone=31052030\" title=\"Call  3105-2030 with 3CX Web Client\"> 3105-2030<\/tcxspan><\/p><\/div> <\/div><\/div> <div  class=\"col-xs-12 col-sm-4 col-padding-small col-padding-small-xs white-text bg-color2\"><div  class=\"row middle-xs\"> <div  class=\"col-xs-12 col-sm-fit space-bottom-small-xs\"><i  class=\"fa fa-paper-plane icon bordered round color-white\"><\/i><\/div> <div  data-type=\"column\" class=\"col-xs-12 col-sm\"><h4  class=\"\">E-MAIL<\/h4> <p  class=\"font-300\">suporte@sigmatech.com.br<\/p><\/div> <\/div><\/div> <div  class=\"col-xs-12 col-sm-4 col-padding-small col-padding-small-xs white-text bg-color2\"><div  class=\"row middle-xs\"> <div  class=\"col-xs-12 col-sm-fit space-bottom-small-xs\"><i  class=\"fa icon fa-wechat bordered round color8\"><\/i><\/div> <div  data-type=\"column\" class=\"col-xs-12 col-sm\"><h4  class=\"\">CHAT<\/h4> <p  class=\"font-300\">Escolha op\u00e7\u00e3o de Suporte no Chat<\/p><\/div> <\/div><\/div> <\/div><\/div> <\/div><div  data-label=\"Como funciona o suporte\" data-id=\"features--1\" data-export-id=\"features-5\" data-category=\"features\" class=\"features-5 content-section-spacing\" id=\"como-funciona-o-suporte\" style=\"background-color: rgb(245, 250, 253);\"><div  class=\"gridContainer\"> <div  class=\"row text-center\"><div  class=\"section-title-col\" data-type=\"column\"> <h2  class=\"\">Como funciona o suporte?<\/h2> <p  class=\"lead\">Descubra em 3 etapas como funciona nosso atendimento de suporte de TI<\/p><\/div> <\/div> <div  class=\"row text-center\" data-type=\"row\"> <div  class=\"col-xs-12 col-sm-4 col-md-4 col-padding-small\"> <div  class=\"number-container\"> <div  class=\"link-line left bg-color1\"><\/div> <p  class=\"number border-color1 color1\"><span >1<\/span><\/p> <div  class=\"link-line right bg-color1\"><\/div><\/div> <div  data-type=\"column\" class=\"\"><h5  class=\"\">ABRA SEU CHAMADO<\/h5> <p  class=\"text-center\">Voc\u00ea abre sua solicita\u00e7\u00e3o de suporte por telefone, e-mail ou chat e registramos com um protocolo de atendimento.<\/p><\/div> <\/div> <div  class=\"col-xs-12 col-sm-4 col-md-4 col-padding-small\"> <div  class=\"number-container\"> <div  class=\"link-line left bg-color1\"><\/div> <p  class=\"number border-color1 color1\"><span >2<\/span><\/p> <div  class=\"link-line right bg-color1\"><\/div><\/div> <div  data-type=\"column\" class=\"\"><h5  class=\"\">RESOLVEMOS SEU PROBLEMA<\/h5> <p  class=\"text-center\">Verificamos a melhor forma de suporte para lhe atender, seja remota ou presencial. Realizamos com celeridade e a urg\u00eancia necess\u00e1ria.<\/p><\/div><\/div> <div  class=\"col-xs-12 col-sm-4 col-md-4 col-padding-small\"><div  class=\"number-container\"> <div  class=\"link-line left bg-color1\"><\/div> <p  class=\"number border-color1 color1\"><span >3<\/span><\/p> <div  class=\"link-line right bg-color1\"><\/div><\/div> <div  data-type=\"column\" class=\"\"><h5  class=\"\">FATURAMOS<\/h5> <p  class=\"text-center\">Nossa qualidade ir\u00e1 verificar se sua solicita\u00e7\u00e3o foi atendida completamente e encerr\u00e1 o atendimento. Dependendo do contrato uma fatura pode ser gerada.<\/p><\/div> <\/div><\/div> <\/div><\/div><div  data-label=\"TeamViewer Download\" data-id=\"about--1\" data-export-id=\"about-9\" data-category=\"about\" class=\"about-9 content-section content-section-spacing\" id=\"teamviewer-download\" style=\"background-color: rgb(245, 250, 253);\"><div  class=\"gridContainer\"> <div  class=\"row middle-sm text-center\"><div  class=\"col-sm-5 space-bottom-xs content-column content-right-sm\" data-type=\"column\"> <h5  class=\"\">SUPORTE REMOTO<\/h5> <h2  class=\"\">Precisa de ajuda remota?&nbsp;<br ><font  face=\"Playfair Display, sans-serif\"><i >Baixe o TeamViewer\n<\/i><\/font><\/h2> <p  class=\"\">Receba atendimento instant\u00e2neo com o TeamViewer Homologado da SigmaTech<\/p> <a class=\"button color1\" href=\"https:\/\/get.teamviewer.com\/sigmatechinfo\" target=\"_blank\" data-cp-link=\"1\" data-icon=\"\" rel=\"noopener noreferrer\">SUPORTE R\u00c1PIDO<\/a><a class=\"button color1\" href=\"https:\/\/get.teamviewer.com\/sigmatech-host\" target=\"_blank\" data-cp-link=\"1\" data-icon=\"\" rel=\"noopener noreferrer\">SUPORTE PERMANENTE<\/a><\/div> <div  class=\"col-sm-7 flexbox flexbox middle-xs center-xs space-bottom-xs\"><div  class=\"overlay-box flexbox middle-xs center-xs overlay-holder \"> <div  class=\"overlay-box-offset offset-background shadow-medium bg-color2 hide-xs\"><\/div> <a data-cp-link=\"1\" href=\"https:\/\/channelpartner.teamviewer.com\/directory\/partner\/392093\/sigmatech-informatica\" target=\"_blank\" rel=\"noopener noreferrer\" class=\"\"><img decoding=\"async\"  class=\"flexbox shadow-large img1\" src=\"https:\/\/sigmatech.com.br\/wp-content\/uploads\/2019\/08\/cropped-TeamViewer-Download.jpg\" data-size=\"600x400\" alt=\"\" title=\"cropped-TeamViewer-Download.jpg\"><\/a><\/div> <\/div><\/div> <\/div><\/div><div  data-label=\"Conheca nossos servicos\" data-id=\"cta--2\" data-export-id=\"cta-centered-bg-section\" data-category=\"cta\" data-section-ov=\"1\" class=\"cta-centered-bg-section content-section content-section-spacing-medium white-text\" data-parallax-depth=\"20\" id=\"conheca-nossos-servicos\" style=\"background-color: rgb(255, 255, 255); background-image: url(&quot;https:\/\/sigmatech.com.br\/wp-content\/uploads\/2019\/08\/Blogpost-61.jpg&quot;); background-size: cover; background-position: center top;\"><div  class=\"gridContainer\"> <div  class=\"row text-center\"><div  data-type=\"column\" class=\"\"> <h2  class=\"\">Conhe\u00e7a Nossos Servi\u00e7os<\/h2> <a class=\"button color2\" href=\"https:\/\/sigmatech.com.br\/#nossos-servicos\" target=\"_self\" data-cp-link=\"1\" data-icon=\"\" rel=\"noopener noreferrer\">VER TODOS SERVI\u00c7OS<\/a><\/div> <\/div><\/div> <\/div>","protected":false},"excerpt":{"rendered":"<p>Precisa de ajuda?&nbsp;Abra uma solicita\u00e7\u00e3o ABRIR CHAMADOBASE DE CONHECIMENTO TELEFONE 81 3105-2030 E-MAIL suporte@sigmatech.com.br CHAT Escolha op\u00e7\u00e3o de Suporte no Chat Como funciona o suporte? Descubra em 3 etapas como funciona nosso atendimento de suporte de TI 1 ABRA SEU CHAMADO Voc\u00ea abre sua solicita\u00e7\u00e3o de suporte por telefone, e-mail ou chat e registramos com&hellip; <br \/> <a class=\"read-more\" href=\"https:\/\/sigmatech.com.br\/pt_br\/atendimento\/\">Read more<\/a><\/p>\n","protected":false},"author":1,"featured_media":533,"parent":0,"menu_order":0,"comment_status":"closed","ping_status":"closed","template":"pro\/page-templates\/full-width-page.php","meta":{"_exactmetrics_skip_tracking":false,"_exactmetrics_sitenote_active":false,"_exactmetrics_sitenote_note":"","_exactmetrics_sitenote_category":0,"footnotes":""},"class_list":["post-256","page","type-page","status-publish","has-post-thumbnail","hentry"],"_links":{"self":[{"href":"https:\/\/sigmatech.com.br\/pt_br\/wp-json\/wp\/v2\/pages\/256","targetHints":{"allow":["GET"]}}],"collection":[{"href":"https:\/\/sigmatech.com.br\/pt_br\/wp-json\/wp\/v2\/pages"}],"about":[{"href":"https:\/\/sigmatech.com.br\/pt_br\/wp-json\/wp\/v2\/types\/page"}],"author":[{"embeddable":true,"href":"https:\/\/sigmatech.com.br\/pt_br\/wp-json\/wp\/v2\/users\/1"}],"replies":[{"embeddable":true,"href":"https:\/\/sigmatech.com.br\/pt_br\/wp-json\/wp\/v2\/comments?post=256"}],"version-history":[{"count":33,"href":"https:\/\/sigmatech.com.br\/pt_br\/wp-json\/wp\/v2\/pages\/256\/revisions"}],"predecessor-version":[{"id":1240,"href":"https:\/\/sigmatech.com.br\/pt_br\/wp-json\/wp\/v2\/pages\/256\/revisions\/1240"}],"wp:featuredmedia":[{"embeddable":true,"href":"https:\/\/sigmatech.com.br\/pt_br\/wp-json\/wp\/v2\/media\/533"}],"wp:attachment":[{"href":"https:\/\/sigmatech.com.br\/pt_br\/wp-json\/wp\/v2\/media?parent=256"}],"curies":[{"name":"wp","href":"https:\/\/api.w.org\/{rel}","templated":true}]}}