{"id":449,"date":"2018-12-07T16:27:35","date_gmt":"2018-12-07T19:27:35","guid":{"rendered":"https:\/\/sigmatech.com.br\/?page_id=449"},"modified":"2020-07-09T21:27:12","modified_gmt":"2020-07-10T00:27:12","slug":"querosersigma","status":"publish","type":"page","link":"https:\/\/sigmatech.com.br\/pt_br\/querosersigma\/","title":{"rendered":"Trabalhe Conosco"},"content":{"rendered":"\n<p>Se voc\u00ea acredita que \u00e9 poss\u00edvel criamos um mundo melhor com a tecnologia e pessoas engajadas, cadastre seu curr\u00edculo, queremos te conhecer.&nbsp;<\/p>\n\n\n<div class=\"wpforms-container wpforms-container-full\" id=\"wpforms-450\"><form id=\"wpforms-form-450\" class=\"wpforms-validate wpforms-form\" data-formid=\"450\" method=\"post\" enctype=\"multipart\/form-data\" action=\"\/pt_br\/wp-json\/wp\/v2\/pages\/449?wpforms_form_id=450\"><noscript class=\"wpforms-error-noscript\">Ative o JavaScript no seu navegador para preencher este formul\u00e1rio.<\/noscript><div class=\"wpforms-field-container\"><div id=\"wpforms-450-field_0-container\" class=\"wpforms-field wpforms-field-name\" data-field-id=\"0\"><label class=\"wpforms-field-label\" for=\"wpforms-450-field_0\">Nome Completo <span class=\"wpforms-required-label\">*<\/span><\/label><div class=\"wpforms-field-row wpforms-field-medium\"><div class=\"wpforms-field-row-block wpforms-first wpforms-one-half\"><input type=\"text\" id=\"wpforms-450-field_0\" class=\"wpforms-field-name-first wpforms-field-required\" name=\"wpforms[fields][0][first]\" placeholder=\"Nome\" required><label for=\"wpforms-450-field_0\" class=\"wpforms-field-sublabel after wpforms-sublabel-hide\">Nome<\/label><\/div><div class=\"wpforms-field-row-block wpforms-one-half\"><input type=\"text\" id=\"wpforms-450-field_0-last\" class=\"wpforms-field-name-last wpforms-field-required\" name=\"wpforms[fields][0][last]\" placeholder=\"Sobrenome\" required><label for=\"wpforms-450-field_0-last\" class=\"wpforms-field-sublabel after wpforms-sublabel-hide\">Sobrenome<\/label><\/div><\/div><\/div><div id=\"wpforms-450-field_1-container\" class=\"wpforms-field wpforms-field-email\" data-field-id=\"1\"><label class=\"wpforms-field-label\" for=\"wpforms-450-field_1\">Email <span class=\"wpforms-required-label\">*<\/span><\/label><input type=\"email\" id=\"wpforms-450-field_1\" class=\"wpforms-field-medium wpforms-field-required\" name=\"wpforms[fields][1]\" placeholder=\"seu@email.com\" required><div class=\"wpforms-field-description\">Informe um e-mail que possamos entrar em contato.<\/div><\/div><div id=\"wpforms-450-field_9-container\" class=\"wpforms-field wpforms-field-phone\" data-field-id=\"9\"><label class=\"wpforms-field-label\" for=\"wpforms-450-field_9\">Telefone <span class=\"wpforms-required-label\">*<\/span><\/label><input type=\"tel\" id=\"wpforms-450-field_9\" class=\"wpforms-field-medium wpforms-field-required wpforms-smart-phone-field\" data-rule-smart-phone-field=\"true\" name=\"wpforms[fields][9]\" required><\/div><div id=\"wpforms-450-field_10-container\" class=\"wpforms-field wpforms-field-checkbox\" data-field-id=\"10\"><label class=\"wpforms-field-label\" for=\"wpforms-450-field_10\">O que est\u00e1 procurando? <span class=\"wpforms-required-label\">*<\/span><\/label><ul id=\"wpforms-450-field_10\" class=\"wpforms-field-required\"><li class=\"choice-1 depth-1\"><input type=\"checkbox\" id=\"wpforms-450-field_10_1\" name=\"wpforms[fields][10][]\" value=\"Est\u00e1gio\" required ><label class=\"wpforms-field-label-inline\" for=\"wpforms-450-field_10_1\">Est\u00e1gio<\/label><\/li><li class=\"choice-2 depth-1\"><input type=\"checkbox\" id=\"wpforms-450-field_10_2\" name=\"wpforms[fields][10][]\" value=\"Trabalho\" required ><label class=\"wpforms-field-label-inline\" for=\"wpforms-450-field_10_2\">Trabalho<\/label><\/li><\/ul><\/div><div id=\"wpforms-450-field_2-container\" class=\"wpforms-field wpforms-field-radio\" data-field-id=\"2\"><label class=\"wpforms-field-label\" for=\"wpforms-450-field_2\">Qual \u00e1rea voc\u00ea deseja atuar? <span class=\"wpforms-required-label\">*<\/span><\/label><ul id=\"wpforms-450-field_2\" class=\"wpforms-field-required\"><li class=\"choice-1 depth-1\"><input type=\"radio\" id=\"wpforms-450-field_2_1\" name=\"wpforms[fields][2]\" value=\"Vendas\" required ><label class=\"wpforms-field-label-inline\" for=\"wpforms-450-field_2_1\">Vendas<\/label><\/li><li class=\"choice-2 depth-1\"><input type=\"radio\" id=\"wpforms-450-field_2_2\" name=\"wpforms[fields][2]\" value=\"Suporte T\u00e9cnico\" required ><label class=\"wpforms-field-label-inline\" for=\"wpforms-450-field_2_2\">Suporte T\u00e9cnico<\/label><\/li><li class=\"choice-3 depth-1\"><input type=\"radio\" id=\"wpforms-450-field_2_3\" name=\"wpforms[fields][2]\" value=\"Consultoria\" required ><label class=\"wpforms-field-label-inline\" for=\"wpforms-450-field_2_3\">Consultoria<\/label><\/li><li class=\"choice-4 depth-1\"><input type=\"radio\" id=\"wpforms-450-field_2_4\" name=\"wpforms[fields][2]\" value=\"Marketing Digital\" required ><label class=\"wpforms-field-label-inline\" for=\"wpforms-450-field_2_4\">Marketing Digital<\/label><\/li><li class=\"choice-5 depth-1\"><input type=\"radio\" id=\"wpforms-450-field_2_5\" name=\"wpforms[fields][2]\" value=\"Outros\" required ><label class=\"wpforms-field-label-inline\" for=\"wpforms-450-field_2_5\">Outros<\/label><\/li><\/ul><div class=\"wpforms-field-description\">Gostar\u00edamos de saber onde voc\u00ea quer se encaixar na Sigma!<\/div><\/div><div id=\"wpforms-450-field_5-container\" class=\"wpforms-field wpforms-field-file-upload\" data-field-id=\"5\"><label class=\"wpforms-field-label\" for=\"wpforms-450-field_5\">Anexe seu CV <span class=\"wpforms-required-label\">*<\/span><\/label><div class=\"wpforms-uploader\"\n\tdata-field-id=\"5\"\n\tdata-form-id=\"450\"\n\tdata-input-name=\"wpforms_450_5\"\n\tdata-extensions=\"jpg,jpeg,jpe,gif,png,bmp,tiff,tif,webp,avif,ico,heic,heif,heics,heifs,asf,asx,wmv,wmx,wm,avi,divx,mov,qt,mpeg,mpg,mpe,mp4,m4v,ogv,webm,mkv,3gp,3gpp,3g2,3gp2,txt,asc,c,cc,h,srt,csv,tsv,ics,rtx,css,vtt,mp3,m4a,m4b,aac,ra,ram,wav,ogg,oga,flac,mid,midi,wma,wax,mka,rtf,pdf,class,tar,zip,gz,gzip,rar,7z,psd,xcf,doc,pot,pps,ppt,wri,xla,xls,xlt,xlw,mpp,docx,docm,dotx,dotm,xlsx,xlsm,xlsb,xltx,xltm,xlam,pptx,pptm,ppsx,ppsm,potx,potm,ppam,sldx,sldm,onetoc,onetoc2,onepkg,oxps,xps,odt,odp,ods,odg,odc,odb,odf,wp,wpd,key,numbers,pages\"\n\tdata-max-size=\"268435456\"\n\tdata-max-file-number=\"1\"\n\tdata-post-max-size=\"268435456\">\n\t<div class=\"dz-message\">\n\t\t<svg viewBox=\"0 0 1024 1024\" focusable=\"false\" class=\"\" data-icon=\"inbox\" width=\"50px\" height=\"50px\" fill=\"#B1B1B1\" aria-hidden=\"true\"><path d=\"M885.2 446.3l-.2-.8-112.2-285.1c-5-16.1-19.9-27.2-36.8-27.2H281.2c-17 0-32.1 11.3-36.9 27.6L139.4 443l-.3.7-.2.8c-1.3 4.9-1.7 9.9-1 14.8-.1 1.6-.2 3.2-.2 4.8V830a60.9 60.9 0 0 0 60.8 60.8h627.2c33.5 0 60.8-27.3 60.9-60.8V464.1c0-1.3 0-2.6-.1-3.7.4-4.9 0-9.6-1.3-14.1zm-295.8-43l-.3 15.7c-.8 44.9-31.8 75.1-77.1 75.1-22.1 0-41.1-7.1-54.8-20.6S436 441.2 435.6 419l-.3-15.7H229.5L309 210h399.2l81.7 193.3H589.4zm-375 76.8h157.3c24.3 57.1 76 90.8 140.4 90.8 33.7 0 65-9.4 90.3-27.2 22.2-15.6 39.5-37.4 50.7-63.6h156.5V814H214.4V480.1z\"><\/path><\/svg>\n\t\t<span class=\"modern-title\">\n\t\t\tClique ou arraste um arquivo para esta \u00e1rea para fazer upload.\t\t<\/span>\n\n\t\t\t<\/div>\n<\/div>\n<input type=\"text\" class=\"dropzone-input\"\n\tstyle=\"position:absolute!important;clip:rect(0,0,0,0)!important;height:1px!important;width:1px!important;border:0!important;overflow:hidden!important;padding:0!important;margin:0!important;\"\n\tid=\"wpforms-450-field_5\"\n\tname=\"wpforms_450_5\" required>\n<\/div><div id=\"wpforms-450-field_4-container\" class=\"wpforms-field wpforms-field-textarea\" data-field-id=\"4\"><label class=\"wpforms-field-label\" for=\"wpforms-450-field_4\">Fale um pouco sobre voc\u00ea <span class=\"wpforms-required-label\">*<\/span><\/label><textarea id=\"wpforms-450-field_4\" class=\"wpforms-field-medium wpforms-field-required\" name=\"wpforms[fields][4]\" required><\/textarea><div class=\"wpforms-field-description\">\u00c9 sua hora de vender o peixe! \ud83d\ude00<\/div><\/div><\/div><div class=\"wpforms-field wpforms-field-hp\"><label for=\"wpforms-450-field-hp\" class=\"wpforms-field-label\">Website<\/label><input type=\"text\" name=\"wpforms[hp]\" id=\"wpforms-450-field-hp\" class=\"wpforms-field-medium\"><\/div><div class=\"wpforms-submit-container\" ><input type=\"hidden\" name=\"wpforms[id]\" value=\"450\"><input type=\"hidden\" name=\"wpforms[author]\" value=\"1\"><button type=\"submit\" name=\"wpforms[submit]\" class=\"wpforms-submit \" id=\"wpforms-submit-450\" value=\"wpforms-submit\" aria-live=\"assertive\" data-alt-text=\"Enviando...\" data-submit-text=\"Enviar\">Enviar<\/button><\/div><\/form><\/div>  <!-- .wpforms-container -->\n\n\n<p><\/p>\n","protected":false},"excerpt":{"rendered":"<p>Se voc\u00ea acredita que \u00e9 poss\u00edvel criamos um mundo melhor com a tecnologia e pessoas engajadas, cadastre seu curr\u00edculo, queremos te conhecer.&nbsp;<\/p>\n","protected":false},"author":1,"featured_media":728,"parent":0,"menu_order":0,"comment_status":"closed","ping_status":"closed","template":"","meta":{"_exactmetrics_skip_tracking":false,"_exactmetrics_sitenote_active":false,"_exactmetrics_sitenote_note":"","_exactmetrics_sitenote_category":0,"footnotes":""},"class_list":["post-449","page","type-page","status-publish","has-post-thumbnail","hentry"],"_links":{"self":[{"href":"https:\/\/sigmatech.com.br\/pt_br\/wp-json\/wp\/v2\/pages\/449","targetHints":{"allow":["GET"]}}],"collection":[{"href":"https:\/\/sigmatech.com.br\/pt_br\/wp-json\/wp\/v2\/pages"}],"about":[{"href":"https:\/\/sigmatech.com.br\/pt_br\/wp-json\/wp\/v2\/types\/page"}],"author":[{"embeddable":true,"href":"https:\/\/sigmatech.com.br\/pt_br\/wp-json\/wp\/v2\/users\/1"}],"replies":[{"embeddable":true,"href":"https:\/\/sigmatech.com.br\/pt_br\/wp-json\/wp\/v2\/comments?post=449"}],"version-history":[{"count":4,"href":"https:\/\/sigmatech.com.br\/pt_br\/wp-json\/wp\/v2\/pages\/449\/revisions"}],"predecessor-version":[{"id":1129,"href":"https:\/\/sigmatech.com.br\/pt_br\/wp-json\/wp\/v2\/pages\/449\/revisions\/1129"}],"wp:featuredmedia":[{"embeddable":true,"href":"https:\/\/sigmatech.com.br\/pt_br\/wp-json\/wp\/v2\/media\/728"}],"wp:attachment":[{"href":"https:\/\/sigmatech.com.br\/pt_br\/wp-json\/wp\/v2\/media?parent=449"}],"curies":[{"name":"wp","href":"https:\/\/api.w.org\/{rel}","templated":true}]}}