{"id":465,"date":"2018-12-08T09:01:36","date_gmt":"2018-12-08T12:01:36","guid":{"rendered":"https:\/\/sigmatech.com.br\/?page_id=465"},"modified":"2020-07-09T21:31:57","modified_gmt":"2020-07-10T00:31:57","slug":"wow","status":"publish","type":"page","link":"https:\/\/sigmatech.com.br\/pt_br\/wow\/","title":{"rendered":"Wow, Obrigado!"},"content":{"rendered":"\n<p>Obrigado por ter preenchido nosso formul\u00e1rio, as informa\u00e7\u00f5es coletadas ser\u00e3o enviadas para um especialista que entrar\u00e1 em contato em breve.<\/p>\n\n\n\n<p>Queremos conversar um pouco mais e definir a melhor proposta para seu neg\u00f3cio.<\/p>\n\n\n\n<p>At\u00e9 breve!<\/p>\n","protected":false},"excerpt":{"rendered":"<p>Obrigado por ter preenchido nosso formul\u00e1rio, as informa\u00e7\u00f5es coletadas ser\u00e3o enviadas para um especialista que entrar\u00e1 em contato em breve. Queremos conversar um pouco mais e definir a melhor proposta para seu neg\u00f3cio. At\u00e9 breve!<\/p>\n","protected":false},"author":1,"featured_media":463,"parent":0,"menu_order":0,"comment_status":"closed","ping_status":"closed","template":"","meta":{"_exactmetrics_skip_tracking":false,"_exactmetrics_sitenote_active":false,"_exactmetrics_sitenote_note":"","_exactmetrics_sitenote_category":0,"footnotes":""},"class_list":["post-465","page","type-page","status-publish","has-post-thumbnail","hentry"],"_links":{"self":[{"href":"https:\/\/sigmatech.com.br\/pt_br\/wp-json\/wp\/v2\/pages\/465","targetHints":{"allow":["GET"]}}],"collection":[{"href":"https:\/\/sigmatech.com.br\/pt_br\/wp-json\/wp\/v2\/pages"}],"about":[{"href":"https:\/\/sigmatech.com.br\/pt_br\/wp-json\/wp\/v2\/types\/page"}],"author":[{"embeddable":true,"href":"https:\/\/sigmatech.com.br\/pt_br\/wp-json\/wp\/v2\/users\/1"}],"replies":[{"embeddable":true,"href":"https:\/\/sigmatech.com.br\/pt_br\/wp-json\/wp\/v2\/comments?post=465"}],"version-history":[{"count":4,"href":"https:\/\/sigmatech.com.br\/pt_br\/wp-json\/wp\/v2\/pages\/465\/revisions"}],"predecessor-version":[{"id":1130,"href":"https:\/\/sigmatech.com.br\/pt_br\/wp-json\/wp\/v2\/pages\/465\/revisions\/1130"}],"wp:featuredmedia":[{"embeddable":true,"href":"https:\/\/sigmatech.com.br\/pt_br\/wp-json\/wp\/v2\/media\/463"}],"wp:attachment":[{"href":"https:\/\/sigmatech.com.br\/pt_br\/wp-json\/wp\/v2\/media?parent=465"}],"curies":[{"name":"wp","href":"https:\/\/api.w.org\/{rel}","templated":true}]}}