{"id":981,"date":"2020-04-12T16:13:22","date_gmt":"2020-04-12T19:13:22","guid":{"rendered":"https:\/\/sigmatech.com.br\/?page_id=981"},"modified":"2021-03-24T02:28:57","modified_gmt":"2021-03-24T05:28:57","slug":"planos-de-suporte-sigma-completo-empresarial","status":"publish","type":"page","link":"https:\/\/sigmatech.com.br\/pt_br\/planos-de-suporte-sigma-completo-empresarial\/","title":{"rendered":"Planos de Suporte Empresarial"},"content":{"rendered":"<div  data-label=\"Planos de Suporte Completo\" data-id=\"pricing--1\" data-export-id=\"pricing-4\" data-category=\"pricing\" data-featured-class=\"pricing-featured\" class=\"pricing-4 content-section content-section-spacing\" id=\"planos-de-suporte-completo-1\" style=\"background-color: rgb(255, 255, 255);\"><div  class=\"gridContainer\"> <div  class=\"row\"><div  class=\"section-title-col\" data-type=\"column\"> <h2  class=\"text-center\">Suporte Completo Sigma Empresarial<\/h2> <p  class=\"lead\">Temos um plano ideal para seu neg\u00f3cio. E nada de b\u00e1sico!<\/p><\/div> <\/div> <div  data-type=\"row\" class=\"row middle-sm\"> <div  class=\"col-xs-12 col-sm-4 text-center no-gutter-col space-bottom\"> <div  data-default=\"no-class\" data-featured=\"shadow-large\" data-type=\"column\" class=\"card\"> <div  class=\"top-right-triangle color2\"><\/div> <h5  class=\"upper\">Bronze<\/h5> <i  class=\"fa icon round-background fa-star-o reverse round big color9\"><\/i> <p  data-default=\"color1\" data-featured=\"color2\" class=\"small color1\">Consulte o pre\u00e7o<\/p> <ul  class=\"unstyled checked decoration-color1 text-center black\"><li >Suporte para 10 Esta\u00e7\u00f5es de Trabalho <\/li><li >1 Servidor de Arquivos<\/li><li >Controle de Invent\u00e1rio de Hardware<\/li><li >Auditoria de Conformidade para Softwares<\/li><li >Monitoramento Avan\u00e7ado Sigma exclusivo para Servidor<\/li><li >Suporte Remoto Sigma Ilimitado<\/li><li >Suporte Presencial Sigma Ilimitado<\/li><li >Departamento de Compras de TI<\/li><li >Gerenciamento de Hospedagem e Contas de E-mail<\/li><li >Visita de Suporte Priorit\u00e1ria<\/li><li >Acordo de N\u00edvel de Servi\u00e7o (SLA)<\/li><li >Custo Fixo Mensal, sem surpresas<\/li><\/ul> <a data-default=\"color1\" data-featured=\"color2\" class=\"button upper small color9 dark-text outline\" href=\"https:\/\/sigmatech.com.br\/pt_br\/solicitar-proposta\" target=\"_self\" data-cp-link=\"1\" data-icon=\"\" rel=\"noopener noreferrer\">SOLICITAR PROPOSTA<\/a> <\/div><\/div><div  class=\"col-xs-12 col-sm-4 text-center no-gutter-col space-bottom pricing-featured\"><div  data-default=\"no-class\" data-featured=\"shadow-large\" data-type=\"column\" class=\"card shadow-large\"> <div  class=\"top-right-triangle color2\"><\/div><h5  class=\"upper\"><span  style=\"font-weight: 400;\">Mais Escolhido\n<\/span><br ><br >PrATA<\/h5> <i  class=\"fa icon round-background fa-star-half-empty reverse round big color10\"><\/i> <p  data-default=\"color1\" data-featured=\"color2\" class=\"small color2\">Consulte o pre\u00e7o<\/p> <ul  class=\"unstyled checked decoration-color1 text-center black\"><li >Todos benef\u00edcios do Bronze<\/li><li >+ 15 Esta\u00e7\u00f5es de Trabalho (Total 25)<\/li><li >Suporte para MacOS<\/li><li >1 Servidor de Aplica\u00e7\u00e3o (Banco de Dados)<\/li><li >1 Servidor de Acesso Remoto (RDS)<\/li><\/ul> <a data-default=\"color1\" data-featured=\"color2\" class=\"button upper small color10 dark-text outline\" href=\"https:\/\/sigmatech.com.br\/pt_br\/solicitar-proposta\" target=\"_self\" data-cp-link=\"1\" data-icon=\"\" rel=\"noopener noreferrer\">SOLICITAR PROPOSTA<\/a> <\/div><\/div><div  class=\"col-xs-12 col-sm-4 text-center no-gutter-col space-bottom\"><div  data-default=\"no-class\" data-featured=\"shadow-large\" data-type=\"column\" class=\"card\"> <div  class=\"top-right-triangle color2\"><\/div> <h5  class=\"upper\">OURO<\/h5> <i  class=\"fa icon round-background fa-star reverse round big color11\"><\/i> <p  data-default=\"color1\" data-featured=\"color2\" class=\"small color1\">Consulte o pre\u00e7o<\/p> <ul  class=\"unstyled checked decoration-color1 text-center black\"><li >Todos os benef\u00edcios do Prata<\/li><li >+ 25 dispositivos (Total 50)<\/li><li >Monitoramento Avan\u00e7ado Sigma das Esta\u00e7\u00f5es de Trabalho<\/li><li >Gerenciamento de Servidor na Nuvem<\/li><li >Sistema de Telefonia Digital IP com 25 ramais<\/li><li >Servidores Locais em Alta Disponibilidade (Redund\u00e2ncia)<\/li><\/ul> <a data-default=\"color1\" data-featured=\"color2\" class=\"button upper small color11 dark-text outline\" href=\"https:\/\/sigmatech.com.br\/pt_br\/solicitar-proposta\" target=\"_self\" data-cp-link=\"1\" data-icon=\"\" rel=\"noopener noreferrer\">SOLICITAR PROPOSTA<\/a> <\/div><\/div> <\/div><\/div> <\/div><div  data-label=\"Conhecer Planos Basicos\" data-id=\"cta--1\" data-export-id=\"cta-centered-bg-section\" data-category=\"cta\" data-section-ov=\"1\" class=\"cta-centered-bg-section content-section content-section-spacing-medium white-text\" data-parallax-depth=\"20\" id=\"conhecer-planos-basicos\" style=\"background-color: rgb(245, 250, 253); background-image: url(&quot;https:\/\/sigmatech.com.br\/wp-content\/uploads\/2015\/12\/8.jpg&quot;); background-size: cover; background-position: center top;\"><div  class=\"gridContainer\"> <div  class=\"row text-center\"><div  data-type=\"column\" class=\"\"> <h2  class=\"\">Precisa de um plano b\u00e1sico?&nbsp;<span  class=\"font-300\">Te ajudamos com uma op\u00e7\u00e3o mais simples.<\/span><\/h2> <a class=\"button color2\" href=\"#\" target=\"_self\" data-cp-link=\"1\" data-icon=\"\" rel=\"noopener noreferrer\">CONHECER OS PLANOS B\u00c1SICOS<\/a><\/div> <\/div><\/div> <\/div>","protected":false},"excerpt":{"rendered":"<p>Suporte Completo Sigma Empresarial Temos um plano ideal para seu neg\u00f3cio. E nada de b\u00e1sico! Bronze Consulte o pre\u00e7o Suporte para 10 Esta\u00e7\u00f5es de Trabalho 1 Servidor de ArquivosControle de Invent\u00e1rio de HardwareAuditoria de Conformidade para SoftwaresMonitoramento Avan\u00e7ado Sigma exclusivo para ServidorSuporte Remoto Sigma IlimitadoSuporte Presencial Sigma IlimitadoDepartamento de Compras de TIGerenciamento de Hospedagem e&hellip; <br \/> <a class=\"read-more\" href=\"https:\/\/sigmatech.com.br\/pt_br\/planos-de-suporte-sigma-completo-empresarial\/\">Read more<\/a><\/p>\n","protected":false},"author":1,"featured_media":0,"parent":0,"menu_order":0,"comment_status":"closed","ping_status":"closed","template":"pro\/page-templates\/full-width-page.php","meta":{"_exactmetrics_skip_tracking":false,"_exactmetrics_sitenote_active":false,"_exactmetrics_sitenote_note":"","_exactmetrics_sitenote_category":0,"footnotes":""},"class_list":["post-981","page","type-page","status-publish","hentry"],"_links":{"self":[{"href":"https:\/\/sigmatech.com.br\/pt_br\/wp-json\/wp\/v2\/pages\/981","targetHints":{"allow":["GET"]}}],"collection":[{"href":"https:\/\/sigmatech.com.br\/pt_br\/wp-json\/wp\/v2\/pages"}],"about":[{"href":"https:\/\/sigmatech.com.br\/pt_br\/wp-json\/wp\/v2\/types\/page"}],"author":[{"embeddable":true,"href":"https:\/\/sigmatech.com.br\/pt_br\/wp-json\/wp\/v2\/users\/1"}],"replies":[{"embeddable":true,"href":"https:\/\/sigmatech.com.br\/pt_br\/wp-json\/wp\/v2\/comments?post=981"}],"version-history":[{"count":15,"href":"https:\/\/sigmatech.com.br\/pt_br\/wp-json\/wp\/v2\/pages\/981\/revisions"}],"predecessor-version":[{"id":1243,"href":"https:\/\/sigmatech.com.br\/pt_br\/wp-json\/wp\/v2\/pages\/981\/revisions\/1243"}],"wp:attachment":[{"href":"https:\/\/sigmatech.com.br\/pt_br\/wp-json\/wp\/v2\/media?parent=981"}],"curies":[{"name":"wp","href":"https:\/\/api.w.org\/{rel}","templated":true}]}}